{"id":31908,"date":"2024-07-26T11:21:50","date_gmt":"2024-07-26T16:21:50","guid":{"rendered":"https:\/\/esiamlat2024.milset.org\/?page_id=31908"},"modified":"2024-07-26T11:36:20","modified_gmt":"2024-07-26T16:36:20","slug":"evento-portugues","status":"publish","type":"page","link":"https:\/\/esiamlat2024.milset.org\/index.php\/esi-amlat-2024-portugues\/evento-portugues\/","title":{"rendered":"Evento &#8211; Portugues"},"content":{"rendered":"<p>[et_pb_section fb_built=\u00bb1&#8243; custom_padding_last_edited=\u00bbon|phone\u00bb _builder_version=\u00bb4.24.0&#8243; _module_preset=\u00bbdefault\u00bb use_background_color_gradient=\u00bbon\u00bb background_color_gradient_direction=\u00bb0deg\u00bb background_color_gradient_stops=\u00bb#17001c 0px|rgba(255,255,255,0) 100px\u00bb background_color_gradient_unit=\u00bbpx\u00bb background_color_gradient_overlays_image=\u00bbon\u00bb background_image=\u00bbhttps:\/\/esiamlat2024.milset.org\/wp-content\/uploads\/2024\/07\/Banner-evento-club-union-02v3.jpg\u00bb height=\u00bb100vh\u00bb height_tablet=\u00bb100%\u00bb height_phone=\u00bb100%\u00bb height_last_edited=\u00bbon|phone\u00bb custom_padding=\u00bb10%||5%||false|false\u00bb custom_padding_tablet=\u00bb20%||10%||false|false\u00bb custom_padding_phone=\u00bb30%||10%||false|false\u00bb locked=\u00bboff\u00bb global_colors_info=\u00bb{}\u00bb][et_pb_row column_structure=\u00bb2_3,1_3&#8243; _builder_version=\u00bb4.24.0&#8243; _module_preset=\u00bbdefault\u00bb width_tablet=\u00bb85%\u00bb width_phone=\u00bb85%\u00bb width_last_edited=\u00bbon|phone\u00bb max_width=\u00bb80%\u00bb max_width_tablet=\u00bb85%\u00bb max_width_phone=\u00bb85%\u00bb max_width_last_edited=\u00bbon|desktop\u00bb global_colors_info=\u00bb{}\u00bb][et_pb_column type=\u00bb2_3&#8243; _builder_version=\u00bb4.24.0&#8243; _module_preset=\u00bbdefault\u00bb global_colors_info=\u00bb{}\u00bb][et_pb_text _builder_version=\u00bb4.24.0&#8243; _module_preset=\u00bbdefault\u00bb text_font=\u00bbNunito||||||||\u00bb text_text_color=\u00bb#FFFFFF\u00bb text_font_size=\u00bb1.2em\u00bb text_letter_spacing=\u00bb0.04em\u00bb text_line_height=\u00bb1.6em\u00bb header_2_font=\u00bbOswald||||||||\u00bb header_2_text_align=\u00bbleft\u00bb header_2_text_color=\u00bb#FFFFFF\u00bb header_2_font_size=\u00bb3.2em\u00bb header_2_letter_spacing=\u00bb0.05em\u00bb header_2_line_height=\u00bb1.2em\u00bb text_orientation=\u00bbjustified\u00bb hover_enabled=\u00bb0&#8243; text_font_size_tablet=\u00bb1em\u00bb text_font_size_phone=\u00bb1em\u00bb text_font_size_last_edited=\u00bbon|phone\u00bb text_letter_spacing_tablet=\u00bb0.04em\u00bb text_letter_spacing_phone=\u00bb0em\u00bb text_letter_spacing_last_edited=\u00bbon|desktop\u00bb text_line_height_tablet=\u00bb\u00bb text_line_height_phone=\u00bb\u00bb text_line_height_last_edited=\u00bbon|desktop\u00bb header_2_text_align_tablet=\u00bbcenter\u00bb header_2_text_align_phone=\u00bbcenter\u00bb header_2_text_align_last_edited=\u00bbon|desktop\u00bb header_2_font_size_tablet=\u00bb3em\u00bb header_2_font_size_phone=\u00bb2.2em\u00bb header_2_font_size_last_edited=\u00bbon|phone\u00bb header_2_letter_spacing_tablet=\u00bb0.04em\u00bb header_2_letter_spacing_phone=\u00bb0.02em\u00bb header_2_letter_spacing_last_edited=\u00bbon|desktop\u00bb header_2_line_height_tablet=\u00bb\u00bb header_2_line_height_phone=\u00bb\u00bb header_2_line_height_last_edited=\u00bbon|desktop\u00bb text_text_shadow_style=\u00bbpreset1&#8243; locked=\u00bboff\u00bb global_colors_info=\u00bb{}\u00bb sticky_enabled=\u00bb0&#8243;]<\/p>\n<h2>Club de la Uni\u00f3n<\/h2>\n<p>O Club de la Uni\u00f3n \u00e9 uma associa\u00e7\u00e3o civil peruana localizada na Plaza Mayor de Lima. Fundado em 10 de outubro de 1868, ser\u00e1 o local de prest\u00edgio da MILSET Expo-Ciencias Latinoamericana ESI AMLAT 2024. Esse clube emblem\u00e1tico, com sua rica hist\u00f3ria e arquitetura elegante, oferece o cen\u00e1rio perfeito para uma exposi\u00e7\u00e3o dessa magnitude. Seus amplos espa\u00e7os e instala\u00e7\u00f5es modernas foram projetados para facilitar apresenta\u00e7\u00f5es de alto n\u00edvel e eventos de grande escala, proporcionando uma experi\u00eancia inigual\u00e1vel tanto para expositores quanto para visitantes. Esperamos receb\u00ea-lo em um evento que moldar\u00e1 o futuro de nossa regi\u00e3o![\/et_pb_text][et_pb_button button_url=\u00bbhttps:\/\/clubdelaunion.com.pe\/\u00bb url_new_window=\u00bbon\u00bb button_text=\u00bbWebSite\u00bb button_alignment=\u00bbleft\u00bb button_alignment_tablet=\u00bbcenter\u00bb button_alignment_phone=\u00bbcenter\u00bb button_alignment_last_edited=\u00bbon|phone\u00bb _builder_version=\u00bb4.24.0&#8243; _module_preset=\u00bbdefault\u00bb custom_button=\u00bbon\u00bb button_text_size=\u00bb1em\u00bb button_text_color=\u00bb#FFFFFF\u00bb button_border_width=\u00bb1px\u00bb button_border_color=\u00bb#FFFFFF\u00bb button_border_radius=\u00bb50px\u00bb button_letter_spacing=\u00bb4px\u00bb button_font=\u00bbNunito|700||on|||||\u00bb button_use_icon=\u00bboff\u00bb custom_padding=\u00bb8px|25px|8px|25px|true|true\u00bb hover_enabled=\u00bb0&#8243; button_text_size_tablet=\u00bb1em\u00bb button_text_size_phone=\u00bb0.8em\u00bb button_text_size_last_edited=\u00bbon|phone\u00bb box_shadow_style=\u00bbpreset3&#8243; box_shadow_vertical=\u00bb0px\u00bb box_shadow_blur=\u00bb0px\u00bb box_shadow_spread=\u00bb0px\u00bb locked=\u00bboff\u00bb global_colors_info=\u00bb{}\u00bb box_shadow_horizontal__hover_enabled=\u00bbon|hover\u00bb box_shadow_vertical__hover_enabled=\u00bbon|desktop\u00bb box_shadow_blur__hover_enabled=\u00bbon|desktop\u00bb box_shadow_spread__hover_enabled=\u00bbon|desktop\u00bb box_shadow_vertical__hover=\u00bb12px\u00bb box_shadow_blur__hover=\u00bb18px\u00bb box_shadow_spread__hover=\u00bb-6px\u00bb button_bg_color__hover_enabled=\u00bbon|hover\u00bb button_bg_enable_color__hover=\u00bbon\u00bb button_text_color__hover_enabled=\u00bbon|hover\u00bb button_text_color__hover=\u00bb#000000&#8243; button_bg_color__hover=\u00bb#FFFFFF\u00bb sticky_enabled=\u00bb0&#8243;][\/et_pb_button][\/et_pb_column][et_pb_column type=\u00bb1_3&#8243; _builder_version=\u00bb4.24.0&#8243; _module_preset=\u00bbdefault\u00bb global_colors_info=\u00bb{}\u00bb][\/et_pb_column][\/et_pb_row][\/et_pb_section][et_pb_section fb_built=\u00bb1&#8243; _builder_version=\u00bb4.24.0&#8243; _module_preset=\u00bbdefault\u00bb background_color=\u00bbRGBA(255,255,255,0)\u00bb locked=\u00bboff\u00bb global_colors_info=\u00bb{}\u00bb][et_pb_row column_structure=\u00bb1_2,1_2&#8243; _builder_version=\u00bb4.24.0&#8243; _module_preset=\u00bbdefault\u00bb global_colors_info=\u00bb{}\u00bb][et_pb_column type=\u00bb1_2&#8243; _builder_version=\u00bb4.24.0&#8243; _module_preset=\u00bbdefault\u00bb global_colors_info=\u00bb{}\u00bb][et_pb_image src=\u00bbhttps:\/\/esiamlat2024.milset.org\/wp-content\/uploads\/2024\/07\/Club-Union-img-01.jpg\u00bb title_text=\u00bbClub Union img 01&#8243; show_in_lightbox=\u00bbon\u00bb align=\u00bbcenter\u00bb _builder_version=\u00bb4.24.0&#8243; _module_preset=\u00bbdefault\u00bb width=\u00bb100%\u00bb width_tablet=\u00bb75%\u00bb width_phone=\u00bb100%\u00bb width_last_edited=\u00bbon|phone\u00bb max_width=\u00bb100%\u00bb max_width_tablet=\u00bb75%\u00bb max_width_phone=\u00bb100%\u00bb max_width_last_edited=\u00bbon|desktop\u00bb border_radii=\u00bbon|5px|5px|5px|5px\u00bb box_shadow_style=\u00bbpreset3&#8243; box_shadow_color=\u00bbrgba(0,0,0,0.5)\u00bb global_colors_info=\u00bb{}\u00bb][\/et_pb_image][\/et_pb_column][et_pb_column type=\u00bb1_2&#8243; _builder_version=\u00bb4.24.0&#8243; _module_preset=\u00bbdefault\u00bb global_colors_info=\u00bb{}\u00bb][et_pb_text _builder_version=\u00bb4.24.0&#8243; _module_preset=\u00bbdefault\u00bb text_font=\u00bbNunito||||||||\u00bb text_text_color=\u00bb#FFFFFF\u00bb text_font_size=\u00bb1.2em\u00bb text_letter_spacing=\u00bb0.04em\u00bb header_2_font=\u00bbOswald||||||||\u00bb header_2_text_align=\u00bbleft\u00bb header_2_text_color=\u00bb#FFFFFF\u00bb header_2_font_size=\u00bb1.5em\u00bb header_2_letter_spacing=\u00bb0.05em\u00bb header_2_line_height=\u00bb1.2em\u00bb hover_enabled=\u00bb0&#8243; text_font_size_tablet=\u00bb1em\u00bb text_font_size_phone=\u00bb1em\u00bb text_font_size_last_edited=\u00bbon|phone\u00bb text_letter_spacing_tablet=\u00bb0.04em\u00bb text_letter_spacing_phone=\u00bb0em\u00bb text_letter_spacing_last_edited=\u00bbon|desktop\u00bb text_line_height_tablet=\u00bb\u00bb text_line_height_phone=\u00bb\u00bb text_line_height_last_edited=\u00bbon|desktop\u00bb header_2_text_align_tablet=\u00bbcenter\u00bb header_2_text_align_phone=\u00bbcenter\u00bb header_2_text_align_last_edited=\u00bbon|phone\u00bb header_2_font_size_tablet=\u00bb2.4em\u00bb header_2_font_size_phone=\u00bb1.6em\u00bb header_2_font_size_last_edited=\u00bbon|tablet\u00bb header_2_letter_spacing_tablet=\u00bb0.04em\u00bb header_2_letter_spacing_phone=\u00bb0.02em\u00bb header_2_letter_spacing_last_edited=\u00bbon|phone\u00bb header_2_line_height_tablet=\u00bb\u00bb header_2_line_height_phone=\u00bb\u00bb header_2_line_height_last_edited=\u00bbon|desktop\u00bb text_orientation_tablet=\u00bbcenter\u00bb text_orientation_phone=\u00bbcenter\u00bb text_orientation_last_edited=\u00bbon|desktop\u00bb text_text_shadow_style=\u00bbpreset1&#8243; locked=\u00bboff\u00bb global_colors_info=\u00bb{}\u00bb sticky_enabled=\u00bb0&#8243;]<\/p>\n<h2>Localiza\u00e7\u00e3o<\/h2>\n<p>Jir\u00f3n de la Uni\u00f3n #364, Lima \u2013 Per\u00fa<\/p>\n<h2>Refer\u00eancia<\/h2>\n<p>Plaza de Armas de Lima<\/p>\n<h2>Datas<\/h2>\n<p>25 a 29 de novembro de 2024<\/p>\n<h2>Alimenta\u00e7\u00e3o<\/h2>\n<p>O almo\u00e7o e o jantar ser\u00e3o servidos na sala de jantar principal para os participantes do ESI AMLAT 2024.[\/et_pb_text][\/et_pb_column][\/et_pb_row][et_pb_row column_structure=\u00bb1_3,1_3,1_3&#8243; _builder_version=\u00bb4.24.0&#8243; _module_preset=\u00bbdefault\u00bb global_colors_info=\u00bb{}\u00bb][et_pb_column type=\u00bb1_3&#8243; _builder_version=\u00bb4.24.0&#8243; _module_preset=\u00bbdefault\u00bb global_colors_info=\u00bb{}\u00bb][et_pb_image src=\u00bbhttps:\/\/esiamlat2024.milset.org\/wp-content\/uploads\/2024\/07\/Club-Union-img-04.jpg\u00bb title_text=\u00bbClub Union img 04&#8243; show_in_lightbox=\u00bbon\u00bb align=\u00bbcenter\u00bb _builder_version=\u00bb4.24.0&#8243; _module_preset=\u00bbdefault\u00bb width=\u00bb100%\u00bb width_tablet=\u00bb60%\u00bb width_phone=\u00bb100%\u00bb width_last_edited=\u00bbon|phone\u00bb max_width=\u00bb100%\u00bb max_width_tablet=\u00bb60%\u00bb max_width_phone=\u00bb100%\u00bb max_width_last_edited=\u00bbon|desktop\u00bb border_radii=\u00bbon|5px|5px|5px|5px\u00bb box_shadow_style=\u00bbpreset3&#8243; box_shadow_color=\u00bbrgba(0,0,0,0.5)\u00bb global_colors_info=\u00bb{}\u00bb][\/et_pb_image][\/et_pb_column][et_pb_column type=\u00bb1_3&#8243; _builder_version=\u00bb4.24.0&#8243; _module_preset=\u00bbdefault\u00bb global_colors_info=\u00bb{}\u00bb][et_pb_image src=\u00bbhttps:\/\/esiamlat2024.milset.org\/wp-content\/uploads\/2024\/07\/Club-Union-img-02.jpg\u00bb title_text=\u00bbClub Union img 02&#8243; show_in_lightbox=\u00bbon\u00bb align=\u00bbcenter\u00bb _builder_version=\u00bb4.24.0&#8243; _module_preset=\u00bbdefault\u00bb width=\u00bb100%\u00bb width_tablet=\u00bb60%\u00bb width_phone=\u00bb100%\u00bb width_last_edited=\u00bbon|phone\u00bb max_width=\u00bb100%\u00bb max_width_tablet=\u00bb60%\u00bb max_width_phone=\u00bb100%\u00bb max_width_last_edited=\u00bbon|desktop\u00bb border_radii=\u00bbon|5px|5px|5px|5px\u00bb box_shadow_style=\u00bbpreset3&#8243; box_shadow_color=\u00bbrgba(0,0,0,0.5)\u00bb global_colors_info=\u00bb{}\u00bb][\/et_pb_image][\/et_pb_column][et_pb_column type=\u00bb1_3&#8243; _builder_version=\u00bb4.24.0&#8243; _module_preset=\u00bbdefault\u00bb global_colors_info=\u00bb{}\u00bb][et_pb_image src=\u00bbhttps:\/\/esiamlat2024.milset.org\/wp-content\/uploads\/2024\/07\/Club-Union-img-03.jpg\u00bb title_text=\u00bbClub Union img 03&#8243; show_in_lightbox=\u00bbon\u00bb align=\u00bbcenter\u00bb _builder_version=\u00bb4.24.0&#8243; _module_preset=\u00bbdefault\u00bb width=\u00bb100%\u00bb width_tablet=\u00bb60%\u00bb width_phone=\u00bb100%\u00bb width_last_edited=\u00bbon|phone\u00bb max_width=\u00bb100%\u00bb max_width_tablet=\u00bb60%\u00bb max_width_phone=\u00bb100%\u00bb max_width_last_edited=\u00bbon|desktop\u00bb border_radii=\u00bbon|5px|5px|5px|5px\u00bb box_shadow_style=\u00bbpreset3&#8243; box_shadow_color=\u00bbrgba(0,0,0,0.5)\u00bb global_colors_info=\u00bb{}\u00bb][\/et_pb_image][\/et_pb_column][\/et_pb_row][\/et_pb_section][et_pb_section fb_built=\u00bb1&#8243; _builder_version=\u00bb4.24.0&#8243; _module_preset=\u00bbdefault\u00bb background_color=\u00bb#17001C\u00bb custom_margin=\u00bb0px||0px||false|false\u00bb custom_padding=\u00bb0px||0px||false|false\u00bb locked=\u00bboff\u00bb global_colors_info=\u00bb{}\u00bb][et_pb_row _builder_version=\u00bb4.24.0&#8243; _module_preset=\u00bbdefault\u00bb width=\u00bb100%\u00bb max_width=\u00bb100%\u00bb custom_margin=\u00bb0px||0px||false|false\u00bb custom_padding=\u00bb0px||0px||false|false\u00bb scroll_fade_enable=\u00bbon\u00bb scroll_fade=\u00bb0|20|20|100|0|100|100&#8243; scroll_fade_tablet=\u00bb0|20|20|100|0|100|100&#8243; scroll_fade_phone=\u00bb0|20|20|100|0|100|100&#8243; scroll_fade_last_edited=\u00bbon|phone\u00bb global_colors_info=\u00bb{}\u00bb][et_pb_column type=\u00bb4_4&#8243; _builder_version=\u00bb4.24.0&#8243; _module_preset=\u00bbdefault\u00bb global_colors_info=\u00bb{}\u00bb][et_pb_code _builder_version=\u00bb4.24.0&#8243; _module_preset=\u00bbdefault\u00bb global_colors_info=\u00bb{}\u00bb]<iframe src=\"https:\/\/www.google.com\/maps\/embed?pb=!1m18!1m12!1m3!1d975.4916302758148!2d-77.03199313037253!3d-12.045824487686753!2m3!1f0!2f0!3f0!3m2!1i1024!2i768!4f13.1!3m3!1m2!1s0x9105c8b5dbcae6c9%3A0xfd1b822d9ca92986!2sClub%20de%20la%20Uni%C3%B3n!5e0!3m2!1ses!2spe!4v1713972025751!5m2!1ses!2spe\" width=\"100%\" height=\"440\" style=\"border:0;\" allowfullscreen=\"\" loading=\"lazy\" referrerpolicy=\"no-referrer-when-downgrade\"><\/iframe><!-- [et_pb_line_break_holder] --><!-- [et_pb_line_break_holder] --><!-- [et_pb_line_break_holder] --><!-- [et_pb_line_break_holder] --><!-- [et_pb_line_break_holder] --><!-- [et_pb_line_break_holder] --><!-- [et_pb_line_break_holder] --><!-- [et_pb_line_break_holder] --><!-- [et_pb_line_break_holder] --><!-- [et_pb_line_break_holder] --><!-- [et_pb_line_break_holder] --><!-- [et_pb_line_break_holder] --><!-- [et_pb_line_break_holder] -->[\/et_pb_code][\/et_pb_column][\/et_pb_row][\/et_pb_section]<\/p>\n","protected":false},"excerpt":{"rendered":"<p>Club de la Uni\u00f3n O Club de la Uni\u00f3n \u00e9 uma associa\u00e7\u00e3o civil peruana localizada na Plaza Mayor de Lima. Fundado em 10 de outubro de 1868, ser\u00e1 o local de prest\u00edgio da MILSET Expo-Ciencias Latinoamericana ESI AMLAT 2024. Esse clube emblem\u00e1tico, com sua rica hist\u00f3ria e arquitetura elegante, oferece o cen\u00e1rio perfeito para uma [&hellip;]<\/p>\n","protected":false},"author":1,"featured_media":0,"parent":30934,"menu_order":0,"comment_status":"closed","ping_status":"closed","template":"","meta":{"_et_pb_use_builder":"on","_et_pb_old_content":"","_et_gb_content_width":"","footnotes":""},"_links":{"self":[{"href":"https:\/\/esiamlat2024.milset.org\/index.php\/wp-json\/wp\/v2\/pages\/31908"}],"collection":[{"href":"https:\/\/esiamlat2024.milset.org\/index.php\/wp-json\/wp\/v2\/pages"}],"about":[{"href":"https:\/\/esiamlat2024.milset.org\/index.php\/wp-json\/wp\/v2\/types\/page"}],"author":[{"embeddable":true,"href":"https:\/\/esiamlat2024.milset.org\/index.php\/wp-json\/wp\/v2\/users\/1"}],"replies":[{"embeddable":true,"href":"https:\/\/esiamlat2024.milset.org\/index.php\/wp-json\/wp\/v2\/comments?post=31908"}],"version-history":[{"count":5,"href":"https:\/\/esiamlat2024.milset.org\/index.php\/wp-json\/wp\/v2\/pages\/31908\/revisions"}],"predecessor-version":[{"id":31914,"href":"https:\/\/esiamlat2024.milset.org\/index.php\/wp-json\/wp\/v2\/pages\/31908\/revisions\/31914"}],"up":[{"embeddable":true,"href":"https:\/\/esiamlat2024.milset.org\/index.php\/wp-json\/wp\/v2\/pages\/30934"}],"wp:attachment":[{"href":"https:\/\/esiamlat2024.milset.org\/index.php\/wp-json\/wp\/v2\/media?parent=31908"}],"curies":[{"name":"wp","href":"https:\/\/api.w.org\/{rel}","templated":true}]}}