{"id":31831,"date":"2024-07-24T16:13:03","date_gmt":"2024-07-24T21:13:03","guid":{"rendered":"https:\/\/esiamlat2024.milset.org\/?page_id=31831"},"modified":"2024-07-24T16:42:10","modified_gmt":"2024-07-24T21:42:10","slug":"reglas-portugues","status":"publish","type":"page","link":"https:\/\/esiamlat2024.milset.org\/index.php\/esi-amlat-2024-portugues\/reglas-portugues\/","title":{"rendered":"Reglas &#8211; Portugues"},"content":{"rendered":"<p>[et_pb_section fb_built=\u00bb1&#8243; custom_padding_last_edited=\u00bbon|phone\u00bb _builder_version=\u00bb4.24.0&#8243; _module_preset=\u00bbdefault\u00bb use_background_color_gradient=\u00bbon\u00bb background_color_gradient_direction=\u00bb0deg\u00bb background_color_gradient_stops=\u00bb#17001c 0%|rgba(255,255,255,0) 100%\u00bb background_color_gradient_overlays_image=\u00bbon\u00bb background_image=\u00bbhttps:\/\/esiamlat2024.milset.org\/wp-content\/uploads\/2024\/07\/Fondo-prueba-reglas.jpg\u00bb parallax=\u00bbon\u00bb parallax_method=\u00bboff\u00bb height=\u00bb100%\u00bb height_tablet=\u00bb100%\u00bb height_phone=\u00bb100%\u00bb height_last_edited=\u00bbon|phone\u00bb custom_padding=\u00bb10%||5%||false|false\u00bb custom_padding_tablet=\u00bb12%||8%||false|false\u00bb custom_padding_phone=\u00bb20%||8%||false|false\u00bb locked=\u00bboff\u00bb global_colors_info=\u00bb{}\u00bb][et_pb_row column_structure=\u00bb2_3,1_3&#8243; _builder_version=\u00bb4.24.0&#8243; _module_preset=\u00bbdefault\u00bb width_tablet=\u00bb85%\u00bb width_phone=\u00bb90%\u00bb width_last_edited=\u00bbon|phone\u00bb max_width=\u00bb80%\u00bb max_width_tablet=\u00bb85%\u00bb max_width_phone=\u00bb90%\u00bb max_width_last_edited=\u00bbon|desktop\u00bb global_colors_info=\u00bb{}\u00bb][et_pb_column type=\u00bb2_3&#8243; _builder_version=\u00bb4.24.0&#8243; _module_preset=\u00bbdefault\u00bb global_colors_info=\u00bb{}\u00bb][et_pb_text _builder_version=\u00bb4.24.0&#8243; _module_preset=\u00bbdefault\u00bb text_font=\u00bbNunito||||||||\u00bb text_text_color=\u00bb#FFFFFF\u00bb text_font_size=\u00bb1.2em\u00bb text_letter_spacing=\u00bb0.04em\u00bb text_line_height=\u00bb1.6em\u00bb header_2_font=\u00bbOswald||||||||\u00bb header_2_text_align=\u00bbleft\u00bb header_2_text_color=\u00bb#FFFFFF\u00bb header_2_font_size=\u00bb3em\u00bb header_2_letter_spacing=\u00bb0.05em\u00bb header_2_line_height=\u00bb1.2em\u00bb parallax=\u00bbon\u00bb parallax_method=\u00bboff\u00bb text_orientation=\u00bbjustified\u00bb hover_enabled=\u00bb0&#8243; text_font_size_tablet=\u00bb1em\u00bb text_font_size_phone=\u00bb1em\u00bb text_font_size_last_edited=\u00bbon|phone\u00bb text_letter_spacing_tablet=\u00bb0.04em\u00bb text_letter_spacing_phone=\u00bb0em\u00bb text_letter_spacing_last_edited=\u00bbon|desktop\u00bb text_line_height_tablet=\u00bb1.6em\u00bb text_line_height_phone=\u00bb1.6em\u00bb text_line_height_last_edited=\u00bbon|phone\u00bb header_2_text_align_tablet=\u00bbcenter\u00bb header_2_text_align_phone=\u00bbcenter\u00bb header_2_text_align_last_edited=\u00bbon|desktop\u00bb header_2_font_size_tablet=\u00bb2.8em\u00bb header_2_font_size_phone=\u00bb2.2em\u00bb header_2_font_size_last_edited=\u00bbon|desktop\u00bb header_2_letter_spacing_tablet=\u00bb0.04em\u00bb header_2_letter_spacing_phone=\u00bb0.02em\u00bb header_2_letter_spacing_last_edited=\u00bbon|desktop\u00bb header_2_line_height_tablet=\u00bb\u00bb header_2_line_height_phone=\u00bb\u00bb header_2_line_height_last_edited=\u00bbon|desktop\u00bb text_text_shadow_style=\u00bbpreset1&#8243; global_colors_info=\u00bb{}\u00bb text_line_height__hover_enabled=\u00bboff|desktop\u00bb sticky_enabled=\u00bb0&#8243;]<\/p>\n<h2>Regras<\/h2>\n<p>[\/et_pb_text][et_pb_text _builder_version=\u00bb4.24.0&#8243; _module_preset=\u00bbdefault\u00bb text_font=\u00bbNunito||||||||\u00bb text_text_color=\u00bb#FFFFFF\u00bb text_font_size=\u00bb1.1em\u00bb text_letter_spacing=\u00bb0.04em\u00bb text_line_height=\u00bb1.6em\u00bb header_2_font=\u00bbOswald||||||||\u00bb header_2_text_align=\u00bbleft\u00bb header_2_text_color=\u00bb#FFFFFF\u00bb header_2_font_size=\u00bb1.8em\u00bb header_2_letter_spacing=\u00bb0.05em\u00bb header_2_line_height=\u00bb1.2em\u00bb parallax=\u00bbon\u00bb parallax_method=\u00bboff\u00bb text_orientation=\u00bbjustified\u00bb text_font_size_tablet=\u00bb1em\u00bb text_font_size_phone=\u00bb0.95em\u00bb text_font_size_last_edited=\u00bbon|phone\u00bb text_letter_spacing_tablet=\u00bb0.04em\u00bb text_letter_spacing_phone=\u00bb0em\u00bb text_letter_spacing_last_edited=\u00bbon|desktop\u00bb text_line_height_tablet=\u00bb1.5em\u00bb text_line_height_phone=\u00bb1.4em\u00bb text_line_height_last_edited=\u00bbon|phone\u00bb header_2_text_align_tablet=\u00bbcenter\u00bb header_2_text_align_phone=\u00bbcenter\u00bb header_2_text_align_last_edited=\u00bbon|desktop\u00bb header_2_font_size_tablet=\u00bb1.6em\u00bb header_2_font_size_phone=\u00bb1.4em\u00bb header_2_font_size_last_edited=\u00bbon|phone\u00bb header_2_letter_spacing_tablet=\u00bb0.04em\u00bb header_2_letter_spacing_phone=\u00bb0.02em\u00bb header_2_letter_spacing_last_edited=\u00bbon|desktop\u00bb header_2_line_height_tablet=\u00bb\u00bb header_2_line_height_phone=\u00bb\u00bb header_2_line_height_last_edited=\u00bbon|desktop\u00bb text_text_shadow_style=\u00bbpreset1&#8243; global_colors_info=\u00bb{}\u00bb text_line_height__hover_enabled=\u00bboff|desktop\u00bb]<\/p>\n<h2>Participantes internacionais<\/h2>\n<p>A participa\u00e7\u00e3o na MILSET Expo-Sciences International 2024 \u00e9 uma oportunidade fant\u00e1stica de apresentar projetos criados por mais de 2.000 participantes de mais de 65 pa\u00edses em todo o mundo. A faixa et\u00e1ria para participa\u00e7\u00e3o \u00e9 de 9 a 25 anos de idade.<\/p>\n<p>Fa\u00e7a parte dessa experi\u00eancia incr\u00edvel e surpreenda o mundo!<\/p>\n<h2>Como participar?<\/h2>\n<p>Os projetos enviados ao ESI 2024 s\u00e3o selecionados pelas organiza\u00e7\u00f5es membros da MILSET.<\/p>\n<h2>Se voc\u00ea for membro da MILSET<\/h2>\n<p>Voc\u00ea receber\u00e1 um e-mail de esiamlat2024@milset.org com seu convite e senha para registrar sua delega\u00e7\u00e3o no sistema de registro do ESI 2024. Caso n\u00e3o o tenha recebido, recarregue-o no site ou envie um e-mail para esiamlat2024@milset.org<\/p>\n<h2>Se voc\u00ea n\u00e3o for membro da MILSET<\/h2>\n<p>Envie sua inscri\u00e7\u00e3o para esiamlat2024@milset.org e para o endere\u00e7o de e-mail correspondente do Escrit\u00f3rio Regional da MILSET. N\u00e3o se esque\u00e7a de acrescentar o nome da sua organiza\u00e7\u00e3o, o pa\u00eds, o nome do contato e o endere\u00e7o de e-mail:<\/p>\n<p>MILSET \u00c1sia: asia@milset.org<br \/>\nMILSET Amlat: amlat@milset.org<br \/>\nMILSET Europa: europe@milset.org<br \/>\nMILSET Noram: noram@milset.org<br \/>\nMILSET Vostok: vostok@milset.org<br \/>\nMILSET \u00c1frica: africa@milset.org<\/p>\n<p>Sua inscri\u00e7\u00e3o ser\u00e1 analisada pelo escrit\u00f3rio relevante. Se o Escrit\u00f3rio Regional autorizar sua participa\u00e7\u00e3o, voc\u00ea receber\u00e1 uma carta de boas-vindas com seu c\u00f3digo de acesso para se registrar no sistema de registro do ESI 2024.<\/p>\n<h2>Projetos individuais<\/h2>\n<p>Caso voc\u00ea tenha um projeto e esteja interessado em participar do ESI 2024, siga as etapas abaixo:<\/p>\n<p>1- Entre em contato com uma organiza\u00e7\u00e3o membro da MILSET em seu pa\u00eds por meio deste link https:\/\/milset.org\/milset\/web\/members.<\/p>\n<p>2- Pergunte se voc\u00ea pode fazer parte da delega\u00e7\u00e3o deles e siga o processo indicado pela organiza\u00e7\u00e3o.<\/p>\n<p>Observa\u00e7\u00e3o: N\u00e3o \u00e9 obrigat\u00f3rio que as organiza\u00e7\u00f5es aceitem a inscri\u00e7\u00e3o. N\u00e3o \u00e9 permitida a participa\u00e7\u00e3o de projetos individuais (que n\u00e3o representem nenhuma organiza\u00e7\u00e3o).[\/et_pb_text][et_pb_button button_url=\u00bbhttps:\/\/registration.milset.org\/esiamlat_2024\/\u00bb url_new_window=\u00bbon\u00bb button_text=\u00bbRegistro\u00bb button_alignment=\u00bbleft\u00bb button_alignment_tablet=\u00bbcenter\u00bb button_alignment_phone=\u00bbcenter\u00bb button_alignment_last_edited=\u00bbon|phone\u00bb _builder_version=\u00bb4.24.0&#8243; _module_preset=\u00bbdefault\u00bb custom_button=\u00bbon\u00bb button_text_size=\u00bb1em\u00bb button_text_color=\u00bb#FFFFFF\u00bb button_border_width=\u00bb1px\u00bb button_border_color=\u00bb#FFFFFF\u00bb button_border_radius=\u00bb50px\u00bb button_letter_spacing=\u00bb4px\u00bb button_font=\u00bbNunito|700||on|||||\u00bb button_use_icon=\u00bboff\u00bb custom_padding=\u00bb8px|25px|8px|25px|true|true\u00bb button_text_size_tablet=\u00bb1em\u00bb button_text_size_phone=\u00bb0.8em\u00bb button_text_size_last_edited=\u00bbon|phone\u00bb box_shadow_style=\u00bbpreset3&#8243; box_shadow_vertical=\u00bb0px\u00bb box_shadow_blur=\u00bb0px\u00bb box_shadow_spread=\u00bb0px\u00bb locked=\u00bboff\u00bb global_colors_info=\u00bb{}\u00bb box_shadow_horizontal__hover_enabled=\u00bbon|hover\u00bb box_shadow_vertical__hover_enabled=\u00bbon|desktop\u00bb box_shadow_blur__hover_enabled=\u00bbon|desktop\u00bb box_shadow_spread__hover_enabled=\u00bbon|desktop\u00bb box_shadow_vertical__hover=\u00bb12px\u00bb box_shadow_blur__hover=\u00bb18px\u00bb box_shadow_spread__hover=\u00bb-6px\u00bb button_bg_color__hover_enabled=\u00bbon|hover\u00bb button_bg_enable_color__hover=\u00bbon\u00bb button_text_color__hover_enabled=\u00bbon|hover\u00bb button_text_color__hover=\u00bb#000000&#8243; button_bg_color__hover=\u00bb#FFFFFF\u00bb][\/et_pb_button][\/et_pb_column][et_pb_column type=\u00bb1_3&#8243; _builder_version=\u00bb4.24.0&#8243; _module_preset=\u00bbdefault\u00bb global_colors_info=\u00bb{}\u00bb][et_pb_image src=\u00bbhttps:\/\/esiamlat2024.milset.org\/wp-content\/uploads\/2024\/02\/Esi-logo-para-fondo-blanco.png\u00bb title_text=\u00bbEsi-logo-para-fondo-blanco\u00bb align=\u00bbcenter\u00bb disabled_on=\u00bbon|on|off\u00bb _builder_version=\u00bb4.24.0&#8243; _module_preset=\u00bbdefault\u00bb global_colors_info=\u00bb{}\u00bb][\/et_pb_image][\/et_pb_column][\/et_pb_row][\/et_pb_section]<\/p>\n","protected":false},"excerpt":{"rendered":"<p>RegrasParticipantes internacionais A participa\u00e7\u00e3o na MILSET Expo-Sciences International 2024 \u00e9 uma oportunidade fant\u00e1stica de apresentar projetos criados por mais de 2.000 participantes de mais de 65 pa\u00edses em todo o mundo. A faixa et\u00e1ria para participa\u00e7\u00e3o \u00e9 de 9 a 25 anos de idade. Fa\u00e7a parte dessa experi\u00eancia incr\u00edvel e surpreenda o mundo! Como participar? [&hellip;]<\/p>\n","protected":false},"author":1,"featured_media":0,"parent":30934,"menu_order":0,"comment_status":"closed","ping_status":"closed","template":"","meta":{"_et_pb_use_builder":"on","_et_pb_old_content":"","_et_gb_content_width":"","footnotes":""},"_links":{"self":[{"href":"https:\/\/esiamlat2024.milset.org\/index.php\/wp-json\/wp\/v2\/pages\/31831"}],"collection":[{"href":"https:\/\/esiamlat2024.milset.org\/index.php\/wp-json\/wp\/v2\/pages"}],"about":[{"href":"https:\/\/esiamlat2024.milset.org\/index.php\/wp-json\/wp\/v2\/types\/page"}],"author":[{"embeddable":true,"href":"https:\/\/esiamlat2024.milset.org\/index.php\/wp-json\/wp\/v2\/users\/1"}],"replies":[{"embeddable":true,"href":"https:\/\/esiamlat2024.milset.org\/index.php\/wp-json\/wp\/v2\/comments?post=31831"}],"version-history":[{"count":5,"href":"https:\/\/esiamlat2024.milset.org\/index.php\/wp-json\/wp\/v2\/pages\/31831\/revisions"}],"predecessor-version":[{"id":31842,"href":"https:\/\/esiamlat2024.milset.org\/index.php\/wp-json\/wp\/v2\/pages\/31831\/revisions\/31842"}],"up":[{"embeddable":true,"href":"https:\/\/esiamlat2024.milset.org\/index.php\/wp-json\/wp\/v2\/pages\/30934"}],"wp:attachment":[{"href":"https:\/\/esiamlat2024.milset.org\/index.php\/wp-json\/wp\/v2\/media?parent=31831"}],"curies":[{"name":"wp","href":"https:\/\/api.w.org\/{rel}","templated":true}]}}