{"id":31767,"date":"2024-07-22T09:26:44","date_gmt":"2024-07-22T14:26:44","guid":{"rendered":"https:\/\/esiamlat2024.milset.org\/?page_id=31767"},"modified":"2024-07-22T09:50:00","modified_gmt":"2024-07-22T14:50:00","slug":"organizadores","status":"publish","type":"page","link":"https:\/\/esiamlat2024.milset.org\/index.php\/esi-amlat-2024-portugues\/organizadores\/","title":{"rendered":"Organizadores &#8211; Portugues"},"content":{"rendered":"<p>[et_pb_section fb_built=\u00bb1&#8243; custom_padding_last_edited=\u00bbon|phone\u00bb _builder_version=\u00bb4.24.0&#8243; _module_preset=\u00bbdefault\u00bb use_background_color_gradient=\u00bbon\u00bb background_color_gradient_direction=\u00bb0deg\u00bb background_color_gradient_stops=\u00bb#17001c 0px|rgba(255,255,255,0) 100px\u00bb background_color_gradient_unit=\u00bbpx\u00bb background_color_gradient_overlays_image=\u00bbon\u00bb background_image=\u00bbhttps:\/\/esiamlat2024.milset.org\/wp-content\/uploads\/2024\/07\/Banner-fondo-esi-amlat-organizadores.jpg\u00bb height=\u00bb100vh\u00bb height_tablet=\u00bb100%\u00bb height_phone=\u00bb100%\u00bb height_last_edited=\u00bbon|desktop\u00bb custom_padding=\u00bb5%||5%||false|false\u00bb custom_padding_tablet=\u00bb10%||10%||false|false\u00bb custom_padding_phone=\u00bb20%||10%||false|false\u00bb locked=\u00bboff\u00bb global_colors_info=\u00bb{}\u00bb][et_pb_row column_structure=\u00bb2_3,1_3&#8243; _builder_version=\u00bb4.24.0&#8243; _module_preset=\u00bbdefault\u00bb width=\u00bb75%\u00bb width_tablet=\u00bb90%\u00bb width_phone=\u00bb95%\u00bb width_last_edited=\u00bbon|phone\u00bb max_width=\u00bb1280px\u00bb max_width_tablet=\u00bb90%\u00bb max_width_phone=\u00bb95%\u00bb max_width_last_edited=\u00bbon|desktop\u00bb global_colors_info=\u00bb{}\u00bb][et_pb_column type=\u00bb2_3&#8243; _builder_version=\u00bb4.24.0&#8243; _module_preset=\u00bbdefault\u00bb global_colors_info=\u00bb{}\u00bb][et_pb_image src=\u00bbhttps:\/\/esiamlat2024.milset.org\/wp-content\/uploads\/2024\/07\/Mapamundi-ESI-AMLAT-Global.png\u00bb title_text=\u00bbMapamundi ESI AMLAT Global\u00bb align=\u00bbcenter\u00bb _builder_version=\u00bb4.24.0&#8243; _module_preset=\u00bbdefault\u00bb width=\u00bb100%\u00bb width_tablet=\u00bb100%\u00bb width_phone=\u00bb100%\u00bb width_last_edited=\u00bbon|desktop\u00bb max_width=\u00bb100%\u00bb max_width_tablet=\u00bb100%\u00bb max_width_phone=\u00bb100%\u00bb max_width_last_edited=\u00bbon|desktop\u00bb global_colors_info=\u00bb{}\u00bb][\/et_pb_image][\/et_pb_column][et_pb_column type=\u00bb1_3&#8243; _builder_version=\u00bb4.24.0&#8243; _module_preset=\u00bbdefault\u00bb global_colors_info=\u00bb{}\u00bb][et_pb_image src=\u00bbhttps:\/\/esiamlat2024.milset.org\/wp-content\/uploads\/2024\/03\/Milset-logo-oficial.png\u00bb title_text=\u00bbMilset logo oficial\u00bb align=\u00bbcenter\u00bb disabled_on=\u00bbon|on|off\u00bb _builder_version=\u00bb4.24.0&#8243; _module_preset=\u00bbdefault\u00bb global_colors_info=\u00bb{}\u00bb][\/et_pb_image][\/et_pb_column][\/et_pb_row][et_pb_row column_structure=\u00bb1_6,1_6,1_6,1_6,1_6,1_6&#8243; _builder_version=\u00bb4.24.0&#8243; _module_preset=\u00bbdefault\u00bb width=\u00bb75%\u00bb width_tablet=\u00bb85%\u00bb width_phone=\u00bb\u00bb width_last_edited=\u00bbon|phone\u00bb max_width=\u00bb1280px\u00bb max_width_tablet=\u00bb85%\u00bb max_width_phone=\u00bb\u00bb max_width_last_edited=\u00bbon|desktop\u00bb global_colors_info=\u00bb{}\u00bb][et_pb_column type=\u00bb1_6&#8243; _builder_version=\u00bb4.24.0&#8243; _module_preset=\u00bbdefault\u00bb global_colors_info=\u00bb{}\u00bb][et_pb_image src=\u00bbhttps:\/\/esiamlat2024.milset.org\/wp-content\/uploads\/2024\/07\/Milset-Africa.png\u00bb title_text=\u00bbMilset &#8211; Africa\u00bb align=\u00bbcenter\u00bb _builder_version=\u00bb4.24.0&#8243; _module_preset=\u00bbdefault\u00bb width=\u00bb100%\u00bb width_tablet=\u00bb65%\u00bb width_phone=\u00bb25%\u00bb width_last_edited=\u00bbon|phone\u00bb max_width=\u00bb100%\u00bb max_width_tablet=\u00bb65%\u00bb max_width_phone=\u00bb25%\u00bb max_width_last_edited=\u00bbon|desktop\u00bb global_colors_info=\u00bb{}\u00bb][\/et_pb_image][\/et_pb_column][et_pb_column type=\u00bb1_6&#8243; _builder_version=\u00bb4.24.0&#8243; _module_preset=\u00bbdefault\u00bb global_colors_info=\u00bb{}\u00bb][et_pb_image src=\u00bbhttps:\/\/esiamlat2024.milset.org\/wp-content\/uploads\/2024\/07\/Milset-Amlat.png\u00bb title_text=\u00bbMilset &#8211; Amlat\u00bb align=\u00bbcenter\u00bb _builder_version=\u00bb4.24.0&#8243; _module_preset=\u00bbdefault\u00bb width=\u00bb100%\u00bb width_tablet=\u00bb65%\u00bb width_phone=\u00bb25%\u00bb width_last_edited=\u00bbon|phone\u00bb max_width=\u00bb100%\u00bb max_width_tablet=\u00bb65%\u00bb max_width_phone=\u00bb25%\u00bb max_width_last_edited=\u00bbon|desktop\u00bb locked=\u00bboff\u00bb global_colors_info=\u00bb{}\u00bb][\/et_pb_image][\/et_pb_column][et_pb_column type=\u00bb1_6&#8243; _builder_version=\u00bb4.24.0&#8243; _module_preset=\u00bbdefault\u00bb global_colors_info=\u00bb{}\u00bb][et_pb_image src=\u00bbhttps:\/\/esiamlat2024.milset.org\/wp-content\/uploads\/2024\/07\/Milset-Asia.png\u00bb title_text=\u00bbMilset &#8211; Asia\u00bb align=\u00bbcenter\u00bb _builder_version=\u00bb4.24.0&#8243; _module_preset=\u00bbdefault\u00bb width=\u00bb100%\u00bb width_tablet=\u00bb65%\u00bb width_phone=\u00bb25%\u00bb width_last_edited=\u00bbon|phone\u00bb max_width=\u00bb100%\u00bb max_width_tablet=\u00bb65%\u00bb max_width_phone=\u00bb25%\u00bb max_width_last_edited=\u00bbon|desktop\u00bb locked=\u00bboff\u00bb global_colors_info=\u00bb{}\u00bb][\/et_pb_image][\/et_pb_column][et_pb_column type=\u00bb1_6&#8243; _builder_version=\u00bb4.24.0&#8243; _module_preset=\u00bbdefault\u00bb global_colors_info=\u00bb{}\u00bb][et_pb_image src=\u00bbhttps:\/\/esiamlat2024.milset.org\/wp-content\/uploads\/2024\/07\/Milset-Europe.png\u00bb title_text=\u00bbMilset &#8211; Europe\u00bb align=\u00bbcenter\u00bb _builder_version=\u00bb4.24.0&#8243; _module_preset=\u00bbdefault\u00bb width=\u00bb100%\u00bb width_tablet=\u00bb65%\u00bb width_phone=\u00bb25%\u00bb width_last_edited=\u00bbon|phone\u00bb max_width=\u00bb100%\u00bb max_width_tablet=\u00bb65%\u00bb max_width_phone=\u00bb25%\u00bb max_width_last_edited=\u00bbon|desktop\u00bb locked=\u00bboff\u00bb global_colors_info=\u00bb{}\u00bb][\/et_pb_image][\/et_pb_column][et_pb_column type=\u00bb1_6&#8243; _builder_version=\u00bb4.24.0&#8243; _module_preset=\u00bbdefault\u00bb global_colors_info=\u00bb{}\u00bb][et_pb_image src=\u00bbhttps:\/\/esiamlat2024.milset.org\/wp-content\/uploads\/2024\/07\/Milset-Noram.png\u00bb title_text=\u00bbMilset &#8211; Noram\u00bb align=\u00bbcenter\u00bb _builder_version=\u00bb4.24.0&#8243; _module_preset=\u00bbdefault\u00bb width=\u00bb100%\u00bb width_tablet=\u00bb65%\u00bb width_phone=\u00bb25%\u00bb width_last_edited=\u00bbon|phone\u00bb max_width=\u00bb100%\u00bb max_width_tablet=\u00bb65%\u00bb max_width_phone=\u00bb25%\u00bb max_width_last_edited=\u00bbon|desktop\u00bb locked=\u00bboff\u00bb global_colors_info=\u00bb{}\u00bb][\/et_pb_image][\/et_pb_column][et_pb_column type=\u00bb1_6&#8243; _builder_version=\u00bb4.24.0&#8243; _module_preset=\u00bbdefault\u00bb global_colors_info=\u00bb{}\u00bb][et_pb_image src=\u00bbhttps:\/\/esiamlat2024.milset.org\/wp-content\/uploads\/2024\/07\/Milset-Vostok.png\u00bb title_text=\u00bbMilset &#8211; Vostok\u00bb align=\u00bbcenter\u00bb _builder_version=\u00bb4.24.0&#8243; _module_preset=\u00bbdefault\u00bb width=\u00bb100%\u00bb width_tablet=\u00bb65%\u00bb width_phone=\u00bb25%\u00bb width_last_edited=\u00bbon|phone\u00bb max_width=\u00bb100%\u00bb max_width_tablet=\u00bb65%\u00bb max_width_phone=\u00bb25%\u00bb max_width_last_edited=\u00bbon|desktop\u00bb locked=\u00bboff\u00bb global_colors_info=\u00bb{}\u00bb][\/et_pb_image][\/et_pb_column][\/et_pb_row][\/et_pb_section][et_pb_section fb_built=\u00bb1&#8243; custom_padding_last_edited=\u00bbon|phone\u00bb _builder_version=\u00bb4.24.0&#8243; _module_preset=\u00bbdefault\u00bb background_color=\u00bbRGBA(255,255,255,0)\u00bb custom_margin_tablet=\u00bb\u00bb custom_margin_phone=\u00bb||||false|false\u00bb custom_margin_last_edited=\u00bbon|tablet\u00bb custom_padding=\u00bb0px||||false|false\u00bb custom_padding_tablet=\u00bb0px||25px||false|false\u00bb custom_padding_phone=\u00bb0px||10px||false|false\u00bb locked=\u00bboff\u00bb global_colors_info=\u00bb{}\u00bb][et_pb_row custom_padding_last_edited=\u00bbon|phone\u00bb _builder_version=\u00bb4.24.0&#8243; _module_preset=\u00bbdefault\u00bb background_image=\u00bbhttps:\/\/esiamlat2024.milset.org\/wp-content\/uploads\/2024\/07\/Slaider-Esi-amlat-2024-003.jpg\u00bb parallax=\u00bbon\u00bb parallax_method=\u00bboff\u00bb width_tablet=\u00bb85%\u00bb width_phone=\u00bb95%\u00bb width_last_edited=\u00bbon|desktop\u00bb max_width=\u00bb80%\u00bb max_width_tablet=\u00bb85%\u00bb max_width_phone=\u00bb95%\u00bb max_width_last_edited=\u00bbon|desktop\u00bb custom_padding=\u00bb60px|60px|60px|60px|false|false\u00bb custom_padding_tablet=\u00bb30px|30px|30px|30px|true|true\u00bb custom_padding_phone=\u00bb10px|10px|10px|10px|true|true\u00bb global_colors_info=\u00bb{}\u00bb][et_pb_column type=\u00bb4_4&#8243; _builder_version=\u00bb4.24.0&#8243; _module_preset=\u00bbdefault\u00bb global_colors_info=\u00bb{}\u00bb][et_pb_text _builder_version=\u00bb4.24.0&#8243; _module_preset=\u00bbdefault\u00bb text_font=\u00bbNunito||||||||\u00bb text_text_color=\u00bb#FFFFFF\u00bb text_font_size=\u00bb1.2em\u00bb text_letter_spacing=\u00bb0.04em\u00bb header_2_font=\u00bbOswald||||||||\u00bb header_2_text_align=\u00bbcenter\u00bb header_2_text_color=\u00bb#FFFFFF\u00bb header_2_font_size=\u00bb2.2em\u00bb header_2_letter_spacing=\u00bb0.05em\u00bb header_2_line_height=\u00bb1.2em\u00bb background_color=\u00bbrgba(23,0,28,0.75)\u00bb text_orientation=\u00bbjustified\u00bb custom_padding=\u00bb40px|40px|40px|40px|true|true\u00bb custom_padding_tablet=\u00bb30px|30px|30px|30px|true|true\u00bb custom_padding_phone=\u00bb10px|10px|10px|10px|true|true\u00bb custom_padding_last_edited=\u00bbon|tablet\u00bb text_font_tablet=\u00bbNunito||||||||\u00bb text_font_phone=\u00bbNunito||||||||\u00bb text_font_last_edited=\u00bbon|phone\u00bb text_font_size_tablet=\u00bb1em\u00bb text_font_size_phone=\u00bb0.95em\u00bb text_font_size_last_edited=\u00bbon|phone\u00bb text_letter_spacing_tablet=\u00bb0.04em\u00bb text_letter_spacing_phone=\u00bb0em\u00bb text_letter_spacing_last_edited=\u00bbon|desktop\u00bb text_line_height_tablet=\u00bb\u00bb text_line_height_phone=\u00bb1.6em\u00bb text_line_height_last_edited=\u00bbon|desktop\u00bb header_2_text_align_tablet=\u00bbcenter\u00bb header_2_text_align_phone=\u00bbcenter\u00bb header_2_text_align_last_edited=\u00bbon|phone\u00bb header_2_font_size_tablet=\u00bb2em\u00bb header_2_font_size_phone=\u00bb1.2em\u00bb header_2_font_size_last_edited=\u00bbon|tablet\u00bb header_2_letter_spacing_tablet=\u00bb0.04em\u00bb header_2_letter_spacing_phone=\u00bb0.02em\u00bb header_2_letter_spacing_last_edited=\u00bbon|desktop\u00bb header_2_line_height_tablet=\u00bb\u00bb header_2_line_height_phone=\u00bb\u00bb header_2_line_height_last_edited=\u00bbon|desktop\u00bb text_text_shadow_style=\u00bbpreset1&#8243; box_shadow_style=\u00bbpreset3&#8243; box_shadow_color=\u00bbrgba(0,0,0,0.5)\u00bb locked=\u00bboff\u00bb global_colors_info=\u00bb{}\u00bb]<\/p>\n<h2>Movimento Internacional para Atividades de Lazer em Ci\u00eancia e Tecnologia<\/h2>\n<p>O Movimento Internacional para o Lazer Cient\u00edfico e Tecnol\u00f3gico (MILSET &#8211; Mouvement International pour le Loisir Scientifique et Technique) \u00e9 uma organiza\u00e7\u00e3o juvenil n\u00e3o governamental, sem fins lucrativos e politicamente independente, que tem como objetivo desenvolver a cultura cient\u00edfica entre os jovens por meio da organiza\u00e7\u00e3o de programas de ci\u00eancia e tecnologia, como feiras de ci\u00eancias, acampamentos cient\u00edficos, congressos e outras atividades de alta qualidade.<\/p>\n<p>A MILSET foi fundada em 1987 em Quebec (Canad\u00e1).<\/p>\n<p>Gra\u00e7as \u00e0 MILSET, dezenas de milhares de jovens j\u00e1 se reuniram para trocar e explorar suas cria\u00e7\u00f5es e discutir com pesquisadores, l\u00edderes juvenis e industriais. Eles desenvolveram projetos juntos, descobriram idiomas e culturas estrangeiras e foram treinados em novas tecnologias.<\/p>\n<p>Devido ao seu crescimento constante, v\u00e1rias filiais regionais foram formadas at\u00e9 o momento com o objetivo de desenvolver ainda mais e estabelecer uma conex\u00e3o pr\u00f3xima com as organiza\u00e7\u00f5es.[\/et_pb_text][\/et_pb_column][\/et_pb_row][\/et_pb_section]<\/p>\n","protected":false},"excerpt":{"rendered":"<p>Movimento Internacional para Atividades de Lazer em Ci\u00eancia e Tecnologia O Movimento Internacional para o Lazer Cient\u00edfico e Tecnol\u00f3gico (MILSET &#8211; Mouvement International pour le Loisir Scientifique et Technique) \u00e9 uma organiza\u00e7\u00e3o juvenil n\u00e3o governamental, sem fins lucrativos e politicamente independente, que tem como objetivo desenvolver a cultura cient\u00edfica entre os jovens por meio da [&hellip;]<\/p>\n","protected":false},"author":1,"featured_media":0,"parent":30934,"menu_order":0,"comment_status":"closed","ping_status":"closed","template":"","meta":{"_et_pb_use_builder":"on","_et_pb_old_content":"","_et_gb_content_width":"","footnotes":""},"_links":{"self":[{"href":"https:\/\/esiamlat2024.milset.org\/index.php\/wp-json\/wp\/v2\/pages\/31767"}],"collection":[{"href":"https:\/\/esiamlat2024.milset.org\/index.php\/wp-json\/wp\/v2\/pages"}],"about":[{"href":"https:\/\/esiamlat2024.milset.org\/index.php\/wp-json\/wp\/v2\/types\/page"}],"author":[{"embeddable":true,"href":"https:\/\/esiamlat2024.milset.org\/index.php\/wp-json\/wp\/v2\/users\/1"}],"replies":[{"embeddable":true,"href":"https:\/\/esiamlat2024.milset.org\/index.php\/wp-json\/wp\/v2\/comments?post=31767"}],"version-history":[{"count":6,"href":"https:\/\/esiamlat2024.milset.org\/index.php\/wp-json\/wp\/v2\/pages\/31767\/revisions"}],"predecessor-version":[{"id":31776,"href":"https:\/\/esiamlat2024.milset.org\/index.php\/wp-json\/wp\/v2\/pages\/31767\/revisions\/31776"}],"up":[{"embeddable":true,"href":"https:\/\/esiamlat2024.milset.org\/index.php\/wp-json\/wp\/v2\/pages\/30934"}],"wp:attachment":[{"href":"https:\/\/esiamlat2024.milset.org\/index.php\/wp-json\/wp\/v2\/media?parent=31767"}],"curies":[{"name":"wp","href":"https:\/\/api.w.org\/{rel}","templated":true}]}}