{"id":31631,"date":"2024-07-02T15:01:30","date_gmt":"2024-07-02T20:01:30","guid":{"rendered":"https:\/\/esiamlat2024.milset.org\/?page_id=31631"},"modified":"2024-07-03T14:49:52","modified_gmt":"2024-07-03T19:49:52","slug":"que-es-esi-portugues","status":"publish","type":"page","link":"https:\/\/esiamlat2024.milset.org\/index.php\/esi-amlat-2024-portugues\/que-es-esi-portugues\/","title":{"rendered":"\u00bfQu\u00e9 es ESI? &#8211; Portugues"},"content":{"rendered":"<p>[et_pb_section fb_built=\u00bb1&#8243; custom_padding_last_edited=\u00bbon|phone\u00bb _builder_version=\u00bb4.24.0&#8243; _module_preset=\u00bbdefault\u00bb use_background_color_gradient=\u00bbon\u00bb background_color_gradient_direction=\u00bb0deg\u00bb background_color_gradient_stops=\u00bb#17001c 0px|rgba(255,255,255,0) 100px\u00bb background_color_gradient_unit=\u00bbpx\u00bb background_color_gradient_overlays_image=\u00bbon\u00bb background_image=\u00bbhttps:\/\/esiamlat2024.milset.org\/wp-content\/uploads\/2024\/07\/Banner-Esi-informacion.jpg\u00bb height=\u00bb100vh\u00bb height_tablet=\u00bb100%\u00bb height_phone=\u00bb100%\u00bb height_last_edited=\u00bbon|phone\u00bb custom_padding=\u00bb10%||5%||false|false\u00bb custom_padding_tablet=\u00bb20%||10%||false|false\u00bb custom_padding_phone=\u00bb30%||10%||false|false\u00bb locked=\u00bboff\u00bb global_colors_info=\u00bb{}\u00bb][et_pb_row column_structure=\u00bb1_2,1_2&#8243; _builder_version=\u00bb4.24.0&#8243; _module_preset=\u00bbdefault\u00bb width_tablet=\u00bb85%\u00bb width_phone=\u00bb85%\u00bb width_last_edited=\u00bbon|phone\u00bb max_width=\u00bb80%\u00bb max_width_tablet=\u00bb85%\u00bb max_width_phone=\u00bb85%\u00bb max_width_last_edited=\u00bbon|desktop\u00bb global_colors_info=\u00bb{}\u00bb][et_pb_column type=\u00bb1_2&#8243; _builder_version=\u00bb4.24.0&#8243; _module_preset=\u00bbdefault\u00bb global_colors_info=\u00bb{}\u00bb][et_pb_text _builder_version=\u00bb4.24.0&#8243; _module_preset=\u00bbdefault\u00bb text_text_color=\u00bb#FFFFFF\u00bb text_font_size=\u00bb1.2em\u00bb text_letter_spacing=\u00bb0.04em\u00bb text_line_height=\u00bb1.6em\u00bb header_2_font=\u00bbOswald||||||||\u00bb header_2_text_align=\u00bbleft\u00bb header_2_text_color=\u00bb#FFFFFF\u00bb header_2_font_size=\u00bb3.2em\u00bb header_2_letter_spacing=\u00bb0.05em\u00bb text_orientation=\u00bbjustified\u00bb hover_enabled=\u00bb0&#8243; text_font_size_tablet=\u00bb1em\u00bb text_font_size_phone=\u00bb1em\u00bb text_font_size_last_edited=\u00bbon|phone\u00bb text_letter_spacing_tablet=\u00bb0.04em\u00bb text_letter_spacing_phone=\u00bb0em\u00bb text_letter_spacing_last_edited=\u00bbon|desktop\u00bb text_line_height_tablet=\u00bb\u00bb text_line_height_phone=\u00bb\u00bb text_line_height_last_edited=\u00bbon|desktop\u00bb header_2_text_align_tablet=\u00bbcenter\u00bb header_2_text_align_phone=\u00bbcenter\u00bb header_2_text_align_last_edited=\u00bbon|desktop\u00bb header_2_font_size_tablet=\u00bb3em\u00bb header_2_font_size_phone=\u00bb2.2em\u00bb header_2_font_size_last_edited=\u00bbon|phone\u00bb header_2_letter_spacing_tablet=\u00bb0.04em\u00bb header_2_letter_spacing_phone=\u00bb0.02em\u00bb header_2_letter_spacing_last_edited=\u00bbon|desktop\u00bb header_2_line_height_tablet=\u00bb\u00bb header_2_line_height_phone=\u00bb\u00bb header_2_line_height_last_edited=\u00bbon|desktop\u00bb text_text_shadow_style=\u00bbpreset1&#8243; global_colors_info=\u00bb{}\u00bb text_font=\u00bbNunito||||||||\u00bb header_2_line_height=\u00bb1.2em\u00bb sticky_enabled=\u00bb0&#8243;]<\/p>\n<h2>O que \u00e9 a ESI?<\/h2>\n<p>As Expo-Sciences s\u00e3o exposi\u00e7\u00f5es multiculturais e n\u00e3o competitivas que apresentam projetos STEAM (Ci\u00eancia, Tecnologia, Engenharia, Artes e Matem\u00e1tica) desenvolvidos por crian\u00e7as e jovens de todo o mundo, bem como exposi\u00e7\u00f5es interativas de institui\u00e7\u00f5es relacionadas ao STEAM.<br \/>O programa da Expo-Sciences inclui visitas culturais e cient\u00edficas, atividades de lazer, workshops e confer\u00eancias. Os l\u00edderes nacionais dos programas STEAM para jovens se re\u00fanem para compartilhar e discutir as melhores pr\u00e1ticas na promo\u00e7\u00e3o e educa\u00e7\u00e3o STEAM.<\/p>\n<p>[\/et_pb_text][\/et_pb_column][et_pb_column type=\u00bb1_2&#8243; _builder_version=\u00bb4.24.0&#8243; _module_preset=\u00bbdefault\u00bb global_colors_info=\u00bb{}\u00bb][et_pb_video src=\u00bbhttps:\/\/www.youtube.com\/watch?v=8lMsRyhziqE\u00bb _builder_version=\u00bb4.24.0&#8243; _module_preset=\u00bbdefault\u00bb width=\u00bb100%\u00bb width_tablet=\u00bb80%\u00bb width_phone=\u00bb100%\u00bb width_last_edited=\u00bbon|phone\u00bb max_width=\u00bb100%\u00bb max_width_tablet=\u00bb80%\u00bb max_width_phone=\u00bb100%\u00bb max_width_last_edited=\u00bbon|desktop\u00bb module_alignment=\u00bbcenter\u00bb module_alignment_tablet=\u00bbcenter\u00bb module_alignment_phone=\u00bbcenter\u00bb module_alignment_last_edited=\u00bbon|phone\u00bb border_radii=\u00bbon|15px|15px|15px|15px\u00bb box_shadow_style=\u00bbpreset3&#8243; global_colors_info=\u00bb{}\u00bb][\/et_pb_video][\/et_pb_column][\/et_pb_row][\/et_pb_section][et_pb_section fb_built=\u00bb1&#8243; custom_padding_last_edited=\u00bbon|phone\u00bb _builder_version=\u00bb4.24.0&#8243; _module_preset=\u00bbdefault\u00bb background_color=\u00bbRGBA(255,255,255,0)\u00bb custom_margin_tablet=\u00bb\u00bb custom_margin_phone=\u00bb||||false|false\u00bb custom_margin_last_edited=\u00bbon|tablet\u00bb custom_padding=\u00bb0px||||false|false\u00bb custom_padding_tablet=\u00bb0px||25px||false|false\u00bb custom_padding_phone=\u00bb0px||10px||false|false\u00bb hover_enabled=\u00bb0&#8243; global_colors_info=\u00bb{}\u00bb sticky_enabled=\u00bb0&#8243; locked=\u00bboff\u00bb][et_pb_row _builder_version=\u00bb4.24.0&#8243; _module_preset=\u00bbdefault\u00bb width_tablet=\u00bb85%\u00bb width_phone=\u00bb95%\u00bb width_last_edited=\u00bbon|phone\u00bb max_width=\u00bb80%\u00bb max_width_tablet=\u00bb85%\u00bb max_width_phone=\u00bb95%\u00bb max_width_last_edited=\u00bbon|desktop\u00bb hover_enabled=\u00bb0&#8243; global_colors_info=\u00bb{}\u00bb sticky_enabled=\u00bb0&#8243; title_text=\u00bbMilset Esi Amlat 2024 Fondo\u00bb background_image=\u00bbhttps:\/\/esiamlat2024.milset.org\/wp-content\/uploads\/2024\/07\/Milset-Esi-Amlat-2024-Fondo.jpg\u00bb custom_padding=\u00bb60px|60px|60px|60px|false|false\u00bb box_shadow_style=\u00bbpreset6&#8243; box_shadow_color=\u00bbrgba(0,0,0,0.5)\u00bb box_shadow_blur=\u00bb30px\u00bb box_shadow_spread=\u00bb5px\u00bb custom_padding_last_edited=\u00bbon|phone\u00bb custom_padding_tablet=\u00bb30px|30px|30px|30px|true|true\u00bb custom_padding_phone=\u00bb10px|10px|10px|10px|true|true\u00bb parallax=\u00bbon\u00bb parallax_method=\u00bboff\u00bb][et_pb_column type=\u00bb4_4&#8243; _builder_version=\u00bb4.24.0&#8243; _module_preset=\u00bbdefault\u00bb global_colors_info=\u00bb{}\u00bb][et_pb_text _builder_version=\u00bb4.24.0&#8243; _module_preset=\u00bbdefault\u00bb text_text_color=\u00bb#FFFFFF\u00bb text_font_size=\u00bb1.2em\u00bb text_letter_spacing=\u00bb0.04em\u00bb header_2_font=\u00bbOswald||||||||\u00bb header_2_text_align=\u00bbcenter\u00bb header_2_text_color=\u00bb#FFFFFF\u00bb header_2_font_size=\u00bb2.4em\u00bb header_2_letter_spacing=\u00bb0.05em\u00bb text_orientation=\u00bbjustified\u00bb hover_enabled=\u00bb0&#8243; text_font_size_tablet=\u00bb1em\u00bb text_font_size_phone=\u00bb1em\u00bb text_font_size_last_edited=\u00bbon|phone\u00bb text_letter_spacing_tablet=\u00bb0.04em\u00bb text_letter_spacing_phone=\u00bb0em\u00bb text_letter_spacing_last_edited=\u00bbon|desktop\u00bb text_line_height_tablet=\u00bb\u00bb text_line_height_phone=\u00bb\u00bb text_line_height_last_edited=\u00bbon|desktop\u00bb header_2_text_align_tablet=\u00bbcenter\u00bb header_2_text_align_phone=\u00bbcenter\u00bb header_2_text_align_last_edited=\u00bbon|phone\u00bb header_2_font_size_tablet=\u00bb2.4em\u00bb header_2_font_size_phone=\u00bb1.6em\u00bb header_2_font_size_last_edited=\u00bbon|desktop\u00bb header_2_letter_spacing_tablet=\u00bb0.04em\u00bb header_2_letter_spacing_phone=\u00bb0.02em\u00bb header_2_letter_spacing_last_edited=\u00bbon|desktop\u00bb header_2_line_height_tablet=\u00bb\u00bb header_2_line_height_phone=\u00bb\u00bb header_2_line_height_last_edited=\u00bbon|desktop\u00bb text_text_shadow_style=\u00bbpreset1&#8243; locked=\u00bboff\u00bb global_colors_info=\u00bb{}\u00bb sticky_enabled=\u00bb0&#8243; background_color=\u00bbrgba(23,0,28,0.75)\u00bb custom_padding=\u00bb40px|40px|40px|40px|true|true\u00bb box_shadow_style=\u00bbpreset3&#8243; box_shadow_color=\u00bbrgba(0,0,0,0.5)\u00bb header_2_line_height=\u00bb1.2em\u00bb custom_padding_last_edited=\u00bbon|tablet\u00bb custom_padding_tablet=\u00bb30px|30px|30px|30px|true|true\u00bb custom_padding_phone=\u00bb10px|10px|10px|10px|true|true\u00bb text_font=\u00bbNunito||||||||\u00bb text_font_last_edited=\u00bbon|phone\u00bb text_font_tablet=\u00bbNunito||||||||\u00bb text_font_phone=\u00bbNunito||||||||\u00bb]<\/p>\n<h2>MILSET ESI AMLAT 2024<\/h2>\n<p>A MILSET Latin American Expo-Sciences (ESI AMLAT 2024), a ser realizada de 25 a 29 de novembro de 2024 no Club de la Uni\u00f3n &#8211; Plaza de Armas de Lima Cercado de Lima, Peru. O ESI AMLAT 2024 ser\u00e1 um evento excepcional que reunir\u00e1 jovens cientistas, educadores e profissionais de v\u00e1rias disciplinas de toda a Am\u00e9rica Latina e do mundo.<\/p>\n<p>Durante o evento, projetos inovadores ser\u00e3o apresentados, conhecimentos ser\u00e3o compartilhados e a colabora\u00e7\u00e3o cient\u00edfica entre os participantes ser\u00e1 promovida.<\/p>\n<p>Esse \u00e9 um evento regional de promo\u00e7\u00e3o da ci\u00eancia para jovens, comunica\u00e7\u00e3o e networking caracterizado pela interatividade, engajamento com foco na motiva\u00e7\u00e3o e coopera\u00e7\u00e3o. Os jovens participantes participam como embaixadores dos programas cient\u00edficos para jovens de seus pa\u00edses.<\/p>\n<p>O objetivo do evento \u00e9 oferecer um espa\u00e7o onde os jovens de todo o mundo possam compartilhar suas pr\u00e1ticas e resultados de pesquisa STEAM (ci\u00eancia, tecnologia, engenharia, artes e matem\u00e1tica) com um p\u00fablico multicultural e multidisciplinar. Tamb\u00e9m ver outras teorias e metodologias para abordar o contexto da Sociedade do Conhecimento com Aprendizado de M\u00e1quina e Intelig\u00eancia Artificial.[\/et_pb_text][\/et_pb_column][\/et_pb_row][\/et_pb_section][et_pb_section fb_built=\u00bb1&#8243; custom_padding_last_edited=\u00bbon|desktop\u00bb _builder_version=\u00bb4.24.0&#8243; _module_preset=\u00bbdefault\u00bb background_color=\u00bbRGBA(255,255,255,0)\u00bb custom_margin_tablet=\u00bb\u00bb custom_margin_phone=\u00bb||||false|false\u00bb custom_margin_last_edited=\u00bbon|phone\u00bb custom_padding=\u00bb0px||||false|false\u00bb custom_padding_tablet=\u00bb0px||||false|false\u00bb custom_padding_phone=\u00bb0px||||false|false\u00bb locked=\u00bboff\u00bb global_colors_info=\u00bb{}\u00bb][et_pb_row column_structure=\u00bb3_5,2_5&#8243; _builder_version=\u00bb4.24.0&#8243; _module_preset=\u00bbdefault\u00bb width_tablet=\u00bb85%\u00bb width_phone=\u00bb85%\u00bb width_last_edited=\u00bbon|phone\u00bb max_width=\u00bb80%\u00bb max_width_tablet=\u00bb85%\u00bb max_width_phone=\u00bb85%\u00bb max_width_last_edited=\u00bbon|desktop\u00bb global_colors_info=\u00bb{}\u00bb][et_pb_column type=\u00bb3_5&#8243; _builder_version=\u00bb4.24.0&#8243; _module_preset=\u00bbdefault\u00bb global_colors_info=\u00bb{}\u00bb][et_pb_text _builder_version=\u00bb4.24.0&#8243; _module_preset=\u00bbdefault\u00bb text_text_color=\u00bb#FFFFFF\u00bb text_font_size=\u00bb1.2em\u00bb text_letter_spacing=\u00bb0.04em\u00bb header_2_font=\u00bbOswald||||||||\u00bb header_2_text_align=\u00bbleft\u00bb header_2_text_color=\u00bb#FFFFFF\u00bb header_2_font_size=\u00bb2.4em\u00bb header_2_letter_spacing=\u00bb0.05em\u00bb text_orientation=\u00bbjustified\u00bb hover_enabled=\u00bb0&#8243; text_font_size_tablet=\u00bb1em\u00bb text_font_size_phone=\u00bb1em\u00bb text_font_size_last_edited=\u00bbon|phone\u00bb text_letter_spacing_tablet=\u00bb0.04em\u00bb text_letter_spacing_phone=\u00bb0em\u00bb text_letter_spacing_last_edited=\u00bbon|desktop\u00bb text_line_height_tablet=\u00bb\u00bb text_line_height_phone=\u00bb\u00bb text_line_height_last_edited=\u00bbon|desktop\u00bb header_2_text_align_tablet=\u00bbleft\u00bb header_2_text_align_phone=\u00bbleft\u00bb header_2_text_align_last_edited=\u00bbon|tablet\u00bb header_2_font_size_tablet=\u00bb2.4em\u00bb header_2_font_size_phone=\u00bb1.6em\u00bb header_2_font_size_last_edited=\u00bbon|phone\u00bb header_2_letter_spacing_tablet=\u00bb0.04em\u00bb header_2_letter_spacing_phone=\u00bb0.02em\u00bb header_2_letter_spacing_last_edited=\u00bbon|desktop\u00bb header_2_line_height_tablet=\u00bb\u00bb header_2_line_height_phone=\u00bb\u00bb header_2_line_height_last_edited=\u00bbon|desktop\u00bb text_text_shadow_style=\u00bbpreset1&#8243; locked=\u00bboff\u00bb global_colors_info=\u00bb{}\u00bb text_font=\u00bbNunito||||||||\u00bb header_2_line_height=\u00bb1.2em\u00bb sticky_enabled=\u00bb0&#8243;]<\/p>\n<h2>Participar de uma Expo-Ci\u00eancia \u00e9 uma oportunidade para:<\/h2>\n<p>\u2022 Instalar e incentivar um espa\u00e7o para destacar o esfor\u00e7o e o interesse de jovens, professores e l\u00edderes em pesquisa, ci\u00eancia e inova\u00e7\u00e3o tecnol\u00f3gica, aumentando sua motiva\u00e7\u00e3o e contribuindo para seu desenvolvimento pessoal.<\/p>\n<p>\u2022 Estabelecer rela\u00e7\u00f5es com outras institui\u00e7\u00f5es com objetivos semelhantes por meio do desenvolvimento de projetos cient\u00edficos, t\u00e9cnicos e sociais para trocar ideias e criar a\u00e7\u00f5es de acordo com as necessidades do mundo atual, para o benef\u00edcio da ind\u00fastria, do setor educacional e da sociedade em geral.<\/p>\n<p>\u2022 Ser representada em n\u00edvel internacional por meio de projetos de jovens, possibilitando a dissemina\u00e7\u00e3o do conhecimento entre o p\u00fablico-alvo principal (ou seja, os jovens).<\/p>\n<p>\u2022 Promover a cultura cient\u00edfica em um ambiente multicultural, permitindo o compartilhamento de experi\u00eancias e boas pr\u00e1ticas para alcan\u00e7ar atividades cient\u00edficas de maior qualidade.<\/p>\n<p>[\/et_pb_text][\/et_pb_column][et_pb_column type=\u00bb2_5&#8243; _builder_version=\u00bb4.24.0&#8243; _module_preset=\u00bbdefault\u00bb global_colors_info=\u00bb{}\u00bb][et_pb_image src=\u00bbhttps:\/\/esiamlat2024.milset.org\/wp-content\/uploads\/2024\/07\/Esi-amlat-ExpoCiencias-Peru.jpg\u00bb title_text=\u00bbEsi amlat ExpoCiencias Per\u00fa\u00bb align=\u00bbcenter\u00bb _builder_version=\u00bb4.24.0&#8243; _module_preset=\u00bbdefault\u00bb width=\u00bb100%\u00bb width_tablet=\u00bb50%\u00bb width_phone=\u00bb100%\u00bb width_last_edited=\u00bbon|phone\u00bb max_width=\u00bb100%\u00bb max_width_tablet=\u00bb50%\u00bb max_width_phone=\u00bb100%\u00bb max_width_last_edited=\u00bbon|desktop\u00bb global_colors_info=\u00bb{}\u00bb][\/et_pb_image][\/et_pb_column][\/et_pb_row][\/et_pb_section]<\/p>\n","protected":false},"excerpt":{"rendered":"<p>O que \u00e9 a ESI? As Expo-Sciences s\u00e3o exposi\u00e7\u00f5es multiculturais e n\u00e3o competitivas que apresentam projetos STEAM (Ci\u00eancia, Tecnologia, Engenharia, Artes e Matem\u00e1tica) desenvolvidos por crian\u00e7as e jovens de todo o mundo, bem como exposi\u00e7\u00f5es interativas de institui\u00e7\u00f5es relacionadas ao STEAM.O programa da Expo-Sciences inclui visitas culturais e cient\u00edficas, atividades de lazer, workshops e confer\u00eancias. [&hellip;]<\/p>\n","protected":false},"author":1,"featured_media":0,"parent":30934,"menu_order":0,"comment_status":"closed","ping_status":"closed","template":"","meta":{"_et_pb_use_builder":"on","_et_pb_old_content":"","_et_gb_content_width":"","footnotes":""},"_links":{"self":[{"href":"https:\/\/esiamlat2024.milset.org\/index.php\/wp-json\/wp\/v2\/pages\/31631"}],"collection":[{"href":"https:\/\/esiamlat2024.milset.org\/index.php\/wp-json\/wp\/v2\/pages"}],"about":[{"href":"https:\/\/esiamlat2024.milset.org\/index.php\/wp-json\/wp\/v2\/types\/page"}],"author":[{"embeddable":true,"href":"https:\/\/esiamlat2024.milset.org\/index.php\/wp-json\/wp\/v2\/users\/1"}],"replies":[{"embeddable":true,"href":"https:\/\/esiamlat2024.milset.org\/index.php\/wp-json\/wp\/v2\/comments?post=31631"}],"version-history":[{"count":8,"href":"https:\/\/esiamlat2024.milset.org\/index.php\/wp-json\/wp\/v2\/pages\/31631\/revisions"}],"predecessor-version":[{"id":31704,"href":"https:\/\/esiamlat2024.milset.org\/index.php\/wp-json\/wp\/v2\/pages\/31631\/revisions\/31704"}],"up":[{"embeddable":true,"href":"https:\/\/esiamlat2024.milset.org\/index.php\/wp-json\/wp\/v2\/pages\/30934"}],"wp:attachment":[{"href":"https:\/\/esiamlat2024.milset.org\/index.php\/wp-json\/wp\/v2\/media?parent=31631"}],"curies":[{"name":"wp","href":"https:\/\/api.w.org\/{rel}","templated":true}]}}