{"id":31518,"date":"2024-06-27T12:16:55","date_gmt":"2024-06-27T17:16:55","guid":{"rendered":"https:\/\/esiamlat2024.milset.org\/?page_id=31518"},"modified":"2024-07-03T13:17:29","modified_gmt":"2024-07-03T18:17:29","slug":"que-es-esi","status":"publish","type":"page","link":"https:\/\/esiamlat2024.milset.org\/index.php\/esi-amlat-2024\/que-es-esi\/","title":{"rendered":"\u00bfQu\u00e9 es ESI?"},"content":{"rendered":"<p>[et_pb_section fb_built=\u00bb1&#8243; custom_padding_last_edited=\u00bbon|phone\u00bb _builder_version=\u00bb4.24.0&#8243; _module_preset=\u00bbdefault\u00bb use_background_color_gradient=\u00bbon\u00bb background_color_gradient_direction=\u00bb0deg\u00bb background_color_gradient_stops=\u00bb#17001c 0px|rgba(255,255,255,0) 100px\u00bb background_color_gradient_unit=\u00bbpx\u00bb background_color_gradient_overlays_image=\u00bbon\u00bb background_image=\u00bbhttps:\/\/esiamlat2024.milset.org\/wp-content\/uploads\/2024\/07\/Banner-Esi-informacion.jpg\u00bb height=\u00bb100vh\u00bb height_tablet=\u00bb100%\u00bb height_phone=\u00bb100%\u00bb height_last_edited=\u00bbon|phone\u00bb custom_padding=\u00bb10%||5%||false|false\u00bb custom_padding_tablet=\u00bb20%||10%||false|false\u00bb custom_padding_phone=\u00bb30%||10%||false|false\u00bb locked=\u00bboff\u00bb global_colors_info=\u00bb{}\u00bb][et_pb_row column_structure=\u00bb1_2,1_2&#8243; _builder_version=\u00bb4.24.0&#8243; _module_preset=\u00bbdefault\u00bb width_tablet=\u00bb85%\u00bb width_phone=\u00bb85%\u00bb width_last_edited=\u00bbon|phone\u00bb max_width=\u00bb80%\u00bb max_width_tablet=\u00bb85%\u00bb max_width_phone=\u00bb85%\u00bb max_width_last_edited=\u00bbon|desktop\u00bb global_colors_info=\u00bb{}\u00bb][et_pb_column type=\u00bb1_2&#8243; _builder_version=\u00bb4.24.0&#8243; _module_preset=\u00bbdefault\u00bb global_colors_info=\u00bb{}\u00bb][et_pb_text _builder_version=\u00bb4.24.0&#8243; _module_preset=\u00bbdefault\u00bb text_text_color=\u00bb#FFFFFF\u00bb text_font_size=\u00bb1.2em\u00bb text_letter_spacing=\u00bb0.04em\u00bb text_line_height=\u00bb1.6em\u00bb header_2_font=\u00bbOswald||||||||\u00bb header_2_text_align=\u00bbleft\u00bb header_2_text_color=\u00bb#FFFFFF\u00bb header_2_font_size=\u00bb3.2em\u00bb header_2_letter_spacing=\u00bb0.05em\u00bb text_orientation=\u00bbjustified\u00bb hover_enabled=\u00bb0&#8243; text_font_size_tablet=\u00bb1em\u00bb text_font_size_phone=\u00bb1em\u00bb text_font_size_last_edited=\u00bbon|phone\u00bb text_letter_spacing_tablet=\u00bb0.04em\u00bb text_letter_spacing_phone=\u00bb0em\u00bb text_letter_spacing_last_edited=\u00bbon|desktop\u00bb text_line_height_tablet=\u00bb\u00bb text_line_height_phone=\u00bb\u00bb text_line_height_last_edited=\u00bbon|desktop\u00bb header_2_text_align_tablet=\u00bbcenter\u00bb header_2_text_align_phone=\u00bbcenter\u00bb header_2_text_align_last_edited=\u00bbon|desktop\u00bb header_2_font_size_tablet=\u00bb3em\u00bb header_2_font_size_phone=\u00bb2.2em\u00bb header_2_font_size_last_edited=\u00bbon|phone\u00bb header_2_letter_spacing_tablet=\u00bb0.04em\u00bb header_2_letter_spacing_phone=\u00bb0.02em\u00bb header_2_letter_spacing_last_edited=\u00bbon|desktop\u00bb header_2_line_height_tablet=\u00bb\u00bb header_2_line_height_phone=\u00bb\u00bb header_2_line_height_last_edited=\u00bbon|desktop\u00bb text_text_shadow_style=\u00bbpreset1&#8243; global_colors_info=\u00bb{}\u00bb sticky_enabled=\u00bb0&#8243; text_font=\u00bbNunito||||||||\u00bb header_2_line_height=\u00bb1.2em\u00bb]<\/p>\n<h2>\u00bfQu\u00e9 es ESI?<\/h2>\n<p>Expo-Sciences son exposiciones multiculturales no competitivas que muestran proyectos STEAM (Ciencia, Tecnolog\u00eda, Ingenier\u00eda, Artes y Matem\u00e1ticas) desarrollados por ni\u00f1os y j\u00f3venes de todo el mundo, as\u00ed como exposiciones interactivas de instituciones relacionadas con STEAM.<br \/>El programa Expo-Sciences incluye visitas culturales y cient\u00edficas, actividades de ocio, talleres y conferencias. Los responsables nacionales de los programas STEAM para j\u00f3venes se re\u00fanen para compartir y debatir las mejores pr\u00e1cticas en la promoci\u00f3n y educaci\u00f3n STEAM.<\/p>\n<p>[\/et_pb_text][\/et_pb_column][et_pb_column type=\u00bb1_2&#8243; _builder_version=\u00bb4.24.0&#8243; _module_preset=\u00bbdefault\u00bb global_colors_info=\u00bb{}\u00bb][et_pb_video src=\u00bbhttps:\/\/www.youtube.com\/watch?v=8lMsRyhziqE\u00bb _builder_version=\u00bb4.24.0&#8243; _module_preset=\u00bbdefault\u00bb width=\u00bb100%\u00bb width_tablet=\u00bb80%\u00bb width_phone=\u00bb100%\u00bb width_last_edited=\u00bbon|phone\u00bb max_width=\u00bb100%\u00bb max_width_tablet=\u00bb80%\u00bb max_width_phone=\u00bb100%\u00bb max_width_last_edited=\u00bbon|desktop\u00bb module_alignment=\u00bbcenter\u00bb module_alignment_tablet=\u00bbcenter\u00bb module_alignment_phone=\u00bbcenter\u00bb module_alignment_last_edited=\u00bbon|phone\u00bb border_radii=\u00bbon|15px|15px|15px|15px\u00bb box_shadow_style=\u00bbpreset3&#8243; global_colors_info=\u00bb{}\u00bb][\/et_pb_video][\/et_pb_column][\/et_pb_row][\/et_pb_section][et_pb_section fb_built=\u00bb1&#8243; custom_padding_last_edited=\u00bbon|phone\u00bb _builder_version=\u00bb4.24.0&#8243; _module_preset=\u00bbdefault\u00bb background_color=\u00bbRGBA(255,255,255,0)\u00bb custom_margin_tablet=\u00bb\u00bb custom_margin_phone=\u00bb||||false|false\u00bb custom_margin_last_edited=\u00bbon|tablet\u00bb custom_padding=\u00bb0px||||false|false\u00bb custom_padding_tablet=\u00bb0px||25px||false|false\u00bb custom_padding_phone=\u00bb0px||10px||false|false\u00bb hover_enabled=\u00bb0&#8243; global_colors_info=\u00bb{}\u00bb sticky_enabled=\u00bb0&#8243; locked=\u00bboff\u00bb][et_pb_row _builder_version=\u00bb4.24.0&#8243; _module_preset=\u00bbdefault\u00bb width_tablet=\u00bb85%\u00bb width_phone=\u00bb95%\u00bb width_last_edited=\u00bbon|phone\u00bb max_width=\u00bb80%\u00bb max_width_tablet=\u00bb85%\u00bb max_width_phone=\u00bb95%\u00bb max_width_last_edited=\u00bbon|desktop\u00bb hover_enabled=\u00bb0&#8243; global_colors_info=\u00bb{}\u00bb sticky_enabled=\u00bb0&#8243; title_text=\u00bbMilset Esi Amlat 2024 Fondo\u00bb background_image=\u00bbhttps:\/\/esiamlat2024.milset.org\/wp-content\/uploads\/2024\/07\/Milset-Esi-Amlat-2024-Fondo.jpg\u00bb custom_padding=\u00bb60px|60px|60px|60px|false|false\u00bb box_shadow_style=\u00bbpreset6&#8243; box_shadow_color=\u00bbrgba(0,0,0,0.5)\u00bb box_shadow_blur=\u00bb30px\u00bb box_shadow_spread=\u00bb5px\u00bb custom_padding_last_edited=\u00bbon|phone\u00bb custom_padding_tablet=\u00bb30px|30px|30px|30px|true|true\u00bb custom_padding_phone=\u00bb10px|10px|10px|10px|true|true\u00bb parallax=\u00bbon\u00bb parallax_method=\u00bboff\u00bb][et_pb_column type=\u00bb4_4&#8243; _builder_version=\u00bb4.24.0&#8243; _module_preset=\u00bbdefault\u00bb global_colors_info=\u00bb{}\u00bb][et_pb_text _builder_version=\u00bb4.24.0&#8243; _module_preset=\u00bbdefault\u00bb text_text_color=\u00bb#FFFFFF\u00bb text_font_size=\u00bb1.2em\u00bb text_letter_spacing=\u00bb0.04em\u00bb header_2_font=\u00bbOswald||||||||\u00bb header_2_text_align=\u00bbcenter\u00bb header_2_text_color=\u00bb#FFFFFF\u00bb header_2_font_size=\u00bb2.4em\u00bb header_2_letter_spacing=\u00bb0.05em\u00bb text_orientation=\u00bbjustified\u00bb hover_enabled=\u00bb0&#8243; text_font_size_tablet=\u00bb1em\u00bb text_font_size_phone=\u00bb1em\u00bb text_font_size_last_edited=\u00bbon|phone\u00bb text_letter_spacing_tablet=\u00bb0.04em\u00bb text_letter_spacing_phone=\u00bb0em\u00bb text_letter_spacing_last_edited=\u00bbon|desktop\u00bb text_line_height_tablet=\u00bb\u00bb text_line_height_phone=\u00bb\u00bb text_line_height_last_edited=\u00bbon|desktop\u00bb header_2_text_align_tablet=\u00bbcenter\u00bb header_2_text_align_phone=\u00bbcenter\u00bb header_2_text_align_last_edited=\u00bbon|phone\u00bb header_2_font_size_tablet=\u00bb2.4em\u00bb header_2_font_size_phone=\u00bb1.6em\u00bb header_2_font_size_last_edited=\u00bbon|desktop\u00bb header_2_letter_spacing_tablet=\u00bb0.04em\u00bb header_2_letter_spacing_phone=\u00bb0.02em\u00bb header_2_letter_spacing_last_edited=\u00bbon|desktop\u00bb header_2_line_height_tablet=\u00bb\u00bb header_2_line_height_phone=\u00bb\u00bb header_2_line_height_last_edited=\u00bbon|desktop\u00bb text_text_shadow_style=\u00bbpreset1&#8243; locked=\u00bboff\u00bb global_colors_info=\u00bb{}\u00bb sticky_enabled=\u00bb0&#8243; background_color=\u00bbrgba(23,0,28,0.75)\u00bb custom_padding=\u00bb40px|40px|40px|40px|true|true\u00bb box_shadow_style=\u00bbpreset3&#8243; box_shadow_color=\u00bbrgba(0,0,0,0.5)\u00bb header_2_line_height=\u00bb1.2em\u00bb custom_padding_last_edited=\u00bbon|tablet\u00bb custom_padding_tablet=\u00bb30px|30px|30px|30px|true|true\u00bb custom_padding_phone=\u00bb10px|10px|10px|10px|true|true\u00bb text_font=\u00bbNunito||||||||\u00bb text_font_last_edited=\u00bbon|phone\u00bb text_font_tablet=\u00bbNunito||||||||\u00bb text_font_phone=\u00bbNunito||||||||\u00bb]<\/p>\n<h2>MILSET ESI AMLAT 2024<\/h2>\n<p>La MILSET Expo-Ciencias Latinoamericana (ESI AMLAT 2024), que se realizar\u00e1 del 25 al 29 de noviembre del 2024 en el Club de la Uni\u00f3n \u2013 Plaza de Armas de Lima Cercado de Lima, Per\u00fa. ESI AMLAT 2024 ser\u00e1 un evento destacado que reunir\u00e1 a j\u00f3venes cient\u00edficos, educadores y profesionales de diversas disciplinas de toda Latinoam\u00e9rica y el mundo.<\/p>\n<p>Durante el evento, se presentar\u00e1n proyectos innovadores, se compartir\u00e1n conocimientos y se fomentar\u00e1 la colaboraci\u00f3n cient\u00edfica entre los participantes.<\/p>\n<p>Este es un evento regional de promoci\u00f3n de la ciencia juvenil, comunicaci\u00f3n y creaci\u00f3n de redes caracterizado por la interactividad, el compromiso con un enfoque en la motivaci\u00f3n y la cooperaci\u00f3n. Los j\u00f3venes participantes asisten como embajadores de los programas de ciencia juvenil de sus pa\u00edses.<\/p>\n<p>El objetivo del evento es proporcionar un espacio donde los j\u00f3venes de todo el mundo puedan compartir las pr\u00e1cticas y los resultados de su investigaci\u00f3n en STEAM (ciencia, tecnolog\u00eda, ingenier\u00eda, artes y matem\u00e1ticas) con una audiencia multicultural y multidisciplinaria. Asimismo ver otras teor\u00edas y metodolog\u00edas para abordar el contexto de la Sociedad del Conocimiento con Aprendizaje Autom\u00e1tico y la Inteligencia Artificial.<\/p>\n<p>[\/et_pb_text][\/et_pb_column][\/et_pb_row][\/et_pb_section][et_pb_section fb_built=\u00bb1&#8243; custom_padding_last_edited=\u00bbon|desktop\u00bb _builder_version=\u00bb4.24.0&#8243; _module_preset=\u00bbdefault\u00bb background_color=\u00bbRGBA(255,255,255,0)\u00bb custom_margin_tablet=\u00bb\u00bb custom_margin_phone=\u00bb||||false|false\u00bb custom_margin_last_edited=\u00bbon|phone\u00bb custom_padding=\u00bb0px||||false|false\u00bb custom_padding_tablet=\u00bb0px||||false|false\u00bb custom_padding_phone=\u00bb0px||||false|false\u00bb locked=\u00bboff\u00bb global_colors_info=\u00bb{}\u00bb][et_pb_row column_structure=\u00bb3_5,2_5&#8243; _builder_version=\u00bb4.24.0&#8243; _module_preset=\u00bbdefault\u00bb width_tablet=\u00bb85%\u00bb width_phone=\u00bb85%\u00bb width_last_edited=\u00bbon|phone\u00bb max_width=\u00bb80%\u00bb max_width_tablet=\u00bb85%\u00bb max_width_phone=\u00bb85%\u00bb max_width_last_edited=\u00bbon|desktop\u00bb global_colors_info=\u00bb{}\u00bb][et_pb_column type=\u00bb3_5&#8243; _builder_version=\u00bb4.24.0&#8243; _module_preset=\u00bbdefault\u00bb global_colors_info=\u00bb{}\u00bb][et_pb_text _builder_version=\u00bb4.24.0&#8243; _module_preset=\u00bbdefault\u00bb text_text_color=\u00bb#FFFFFF\u00bb text_font_size=\u00bb1.2em\u00bb text_letter_spacing=\u00bb0.04em\u00bb header_2_font=\u00bbOswald||||||||\u00bb header_2_text_align=\u00bbleft\u00bb header_2_text_color=\u00bb#FFFFFF\u00bb header_2_font_size=\u00bb2.4em\u00bb header_2_letter_spacing=\u00bb0.05em\u00bb text_orientation=\u00bbjustified\u00bb hover_enabled=\u00bb0&#8243; text_font_size_tablet=\u00bb1em\u00bb text_font_size_phone=\u00bb1em\u00bb text_font_size_last_edited=\u00bbon|phone\u00bb text_letter_spacing_tablet=\u00bb0.04em\u00bb text_letter_spacing_phone=\u00bb0em\u00bb text_letter_spacing_last_edited=\u00bbon|desktop\u00bb text_line_height_tablet=\u00bb\u00bb text_line_height_phone=\u00bb\u00bb text_line_height_last_edited=\u00bbon|desktop\u00bb header_2_text_align_tablet=\u00bbleft\u00bb header_2_text_align_phone=\u00bbleft\u00bb header_2_text_align_last_edited=\u00bbon|tablet\u00bb header_2_font_size_tablet=\u00bb2.4em\u00bb header_2_font_size_phone=\u00bb1.6em\u00bb header_2_font_size_last_edited=\u00bbon|phone\u00bb header_2_letter_spacing_tablet=\u00bb0.04em\u00bb header_2_letter_spacing_phone=\u00bb0.02em\u00bb header_2_letter_spacing_last_edited=\u00bbon|desktop\u00bb header_2_line_height_tablet=\u00bb\u00bb header_2_line_height_phone=\u00bb\u00bb header_2_line_height_last_edited=\u00bbon|desktop\u00bb text_text_shadow_style=\u00bbpreset1&#8243; locked=\u00bboff\u00bb global_colors_info=\u00bb{}\u00bb text_font=\u00bbNunito||||||||\u00bb header_2_line_height=\u00bb1.2em\u00bb sticky_enabled=\u00bb0&#8243;]<\/p>\n<h2>Participar en una Expo-Ciencias es una oportunidad para:<\/h2>\n<p>\u2022 Instalar y animar un espacio para destacar el esfuerzo y el inter\u00e9s de los j\u00f3venes, profesores y l\u00edderes por la investigaci\u00f3n, la ciencia y la innovaci\u00f3n tecnol\u00f3gica, aumentando su motivaci\u00f3n y contribuyendo a su desarrollo personal.<\/p>\n<p>\u2022 Establecer relaciones con otras instituciones con objetivos similares a trav\u00e9s del desarrollo de proyectos cient\u00edficos, t\u00e9cnicos y sociales para intercambiar ideas y crear acciones acordes con las necesidades del mundo actual, en beneficio de la industria, el sector educativo y la sociedad en general.<\/p>\n<p>\u2022 Estar representados a nivel internacional a trav\u00e9s de los proyectos de los j\u00f3venes, permitiendo la difusi\u00f3n del conocimiento entre el p\u00fablico objetivo principal (es decir, los j\u00f3venes).<\/p>\n<p>\u2022 Promover la cultura cient\u00edfica en un entorno multicultural, permitiendo compartir experiencias y buenas pr\u00e1cticas para lograr actividades cient\u00edficas de mayor calidad.<\/p>\n<p>[\/et_pb_text][\/et_pb_column][et_pb_column type=\u00bb2_5&#8243; _builder_version=\u00bb4.24.0&#8243; _module_preset=\u00bbdefault\u00bb global_colors_info=\u00bb{}\u00bb][et_pb_image src=\u00bbhttps:\/\/esiamlat2024.milset.org\/wp-content\/uploads\/2024\/07\/Esi-amlat-ExpoCiencias-Peru.jpg\u00bb title_text=\u00bbEsi amlat ExpoCiencias Per\u00fa\u00bb align=\u00bbcenter\u00bb _builder_version=\u00bb4.24.0&#8243; _module_preset=\u00bbdefault\u00bb width=\u00bb100%\u00bb width_tablet=\u00bb50%\u00bb width_phone=\u00bb100%\u00bb width_last_edited=\u00bbon|phone\u00bb max_width=\u00bb100%\u00bb max_width_tablet=\u00bb50%\u00bb max_width_phone=\u00bb100%\u00bb max_width_last_edited=\u00bbon|desktop\u00bb global_colors_info=\u00bb{}\u00bb][\/et_pb_image][\/et_pb_column][\/et_pb_row][\/et_pb_section]<\/p>\n","protected":false},"excerpt":{"rendered":"<p>\u00bfQu\u00e9 es ESI? Expo-Sciences son exposiciones multiculturales no competitivas que muestran proyectos STEAM (Ciencia, Tecnolog\u00eda, Ingenier\u00eda, Artes y Matem\u00e1ticas) desarrollados por ni\u00f1os y j\u00f3venes de todo el mundo, as\u00ed como exposiciones interactivas de instituciones relacionadas con STEAM.El programa Expo-Sciences incluye visitas culturales y cient\u00edficas, actividades de ocio, talleres y conferencias. Los responsables nacionales de los [&hellip;]<\/p>\n","protected":false},"author":1,"featured_media":0,"parent":30628,"menu_order":0,"comment_status":"closed","ping_status":"closed","template":"","meta":{"_et_pb_use_builder":"on","_et_pb_old_content":"","_et_gb_content_width":"","footnotes":""},"_links":{"self":[{"href":"https:\/\/esiamlat2024.milset.org\/index.php\/wp-json\/wp\/v2\/pages\/31518"}],"collection":[{"href":"https:\/\/esiamlat2024.milset.org\/index.php\/wp-json\/wp\/v2\/pages"}],"about":[{"href":"https:\/\/esiamlat2024.milset.org\/index.php\/wp-json\/wp\/v2\/types\/page"}],"author":[{"embeddable":true,"href":"https:\/\/esiamlat2024.milset.org\/index.php\/wp-json\/wp\/v2\/users\/1"}],"replies":[{"embeddable":true,"href":"https:\/\/esiamlat2024.milset.org\/index.php\/wp-json\/wp\/v2\/comments?post=31518"}],"version-history":[{"count":11,"href":"https:\/\/esiamlat2024.milset.org\/index.php\/wp-json\/wp\/v2\/pages\/31518\/revisions"}],"predecessor-version":[{"id":31698,"href":"https:\/\/esiamlat2024.milset.org\/index.php\/wp-json\/wp\/v2\/pages\/31518\/revisions\/31698"}],"up":[{"embeddable":true,"href":"https:\/\/esiamlat2024.milset.org\/index.php\/wp-json\/wp\/v2\/pages\/30628"}],"wp:attachment":[{"href":"https:\/\/esiamlat2024.milset.org\/index.php\/wp-json\/wp\/v2\/media?parent=31518"}],"curies":[{"name":"wp","href":"https:\/\/api.w.org\/{rel}","templated":true}]}}