{"id":31386,"date":"2024-05-28T20:31:20","date_gmt":"2024-05-29T01:31:20","guid":{"rendered":"https:\/\/esiamlat2024.milset.org\/?page_id=31386"},"modified":"2024-11-12T12:40:19","modified_gmt":"2024-11-12T17:40:19","slug":"programa","status":"publish","type":"page","link":"https:\/\/esiamlat2024.milset.org\/index.php\/esi-amlat-2024\/programa\/","title":{"rendered":"Programa"},"content":{"rendered":"<p>[et_pb_section fb_built=\u00bb1&#8243; custom_padding_last_edited=\u00bbon|tablet\u00bb admin_label=\u00bbSection\u00bb module_id=\u00bbprograma\u00bb _builder_version=\u00bb4.24.0&#8243; _module_preset=\u00bbdefault\u00bb background_enable_color=\u00bboff\u00bb use_background_color_gradient=\u00bbon\u00bb background_color_gradient_direction=\u00bb90deg\u00bb background_color_gradient_stops=\u00bbrgba(255,255,255,0) 70vw|rgba(23,0,28,0.6) 70vw\u00bb background_color_gradient_unit=\u00bbvw\u00bb background_color_gradient_overlays_image=\u00bbon\u00bb background_image=\u00bbhttps:\/\/esiamlat2024.milset.org\/wp-content\/uploads\/2024\/03\/Rio-amazonas-imagen-slaider-01.jpg\u00bb parallax=\u00bbon\u00bb parallax_method=\u00bboff\u00bb custom_padding=\u00bb5%||||false|false\u00bb custom_padding_tablet=\u00bb8%||||false|false\u00bb custom_padding_phone=\u00bb10%||||false|false\u00bb locked=\u00bboff\u00bb collapsed=\u00bboff\u00bb global_colors_info=\u00bb{%22gcid-f22ce391-07f1-4ce8-a74b-7c09c799a54e%22:%91%22background_color%22,%22background_color%22%93}\u00bb][et_pb_row column_structure=\u00bb1_2,1_2&#8243; use_custom_gutter=\u00bbon\u00bb _builder_version=\u00bb4.24.0&#8243; _module_preset=\u00bbdefault\u00bb width=\u00bb75%\u00bb width_tablet=\u00bb80%\u00bb width_phone=\u00bb90%\u00bb width_last_edited=\u00bbon|desktop\u00bb max_width=\u00bb75%\u00bb max_width_tablet=\u00bb80%\u00bb max_width_phone=\u00bb90%\u00bb max_width_last_edited=\u00bbon|desktop\u00bb animation_style=\u00bbfade\u00bb scroll_vertical_motion=\u00bb0|20|20|100|3|0|0&#8243; scroll_fade=\u00bb0|25|25|100|0|100|100&#8243; global_colors_info=\u00bb{}\u00bb][et_pb_column type=\u00bb1_2&#8243; _builder_version=\u00bb4.19.0&#8243; _module_preset=\u00bbdefault\u00bb global_colors_info=\u00bb{}\u00bb][\/et_pb_column][et_pb_column type=\u00bb1_2&#8243; _builder_version=\u00bb4.24.0&#8243; _module_preset=\u00bbdefault\u00bb background_color=\u00bb#34004C\u00bb custom_padding=\u00bb50px|40px|30px|40px|false|true\u00bb custom_padding_tablet=\u00bb30px|30px|30px|30px|true|true\u00bb custom_padding_phone=\u00bb20px|20px|20px|20px|true|true\u00bb custom_padding_last_edited=\u00bbon|desktop\u00bb global_colors_info=\u00bb{%22gcid-1ebd227f-17a6-4b4b-aae3-34bdf343cf9f%22:%91%22background_color__hover%22%93}\u00bb background__hover_enabled=\u00bbon|desktop\u00bb][et_pb_text _builder_version=\u00bb4.24.0&#8243; _module_preset=\u00bbb327cbe4-b1d5-4b66-ad37-40c8f2f061ba\u00bb header_2_font=\u00bbOswald||||||||\u00bb header_2_font_size=\u00bb2.5em\u00bb header_2_letter_spacing=\u00bb0.08em\u00bb header_2_line_height=\u00bb1.2em\u00bb text_orientation=\u00bbcenter\u00bb background_layout=\u00bbdark\u00bb custom_margin_tablet=\u00bb||20px||false|false\u00bb custom_margin_phone=\u00bb||15px||false|false\u00bb custom_margin_last_edited=\u00bbon|desktop\u00bb custom_padding_tablet=\u00bb\u00bb custom_padding_phone=\u00bb||||false|false\u00bb custom_padding_last_edited=\u00bbon|phone\u00bb header_2_font_size_tablet=\u00bb2.5em\u00bb header_2_font_size_phone=\u00bb1.8em\u00bb header_2_font_size_last_edited=\u00bbon|phone\u00bb header_2_letter_spacing_tablet=\u00bb0.08em\u00bb header_2_letter_spacing_phone=\u00bb0.04em\u00bb header_2_letter_spacing_last_edited=\u00bbon|desktop\u00bb header_2_line_height_tablet=\u00bb1.2em\u00bb header_2_line_height_phone=\u00bb1.2em\u00bb header_2_line_height_last_edited=\u00bbon|phone\u00bb global_colors_info=\u00bb{}\u00bb]<\/p>\n<h2>PROGRAMA OFICIAL<\/h2>\n<p>[\/et_pb_text][et_pb_text _builder_version=\u00bb4.24.0&#8243; _module_preset=\u00bbdefault\u00bb background_color=\u00bb#17001C\u00bb custom_padding=\u00bb0px|||||\u00bb link_option_url=\u00bbhttps:\/\/esiamlat2024.milset.org\/wp-content\/uploads\/2024\/10\/PROGRAMA-OFICIAL-ESI-AMLAT-2024.pdf\u00bb global_colors_info=\u00bb{}\u00bb]<\/p>\n<p style=\"text-align: center;\"><span style=\"color: #ffffff;\"><b>Ver Programa Completo<\/b><\/span><\/p>\n<p>[\/et_pb_text][et_pb_text _builder_version=\u00bb4.24.0&#8243; _module_preset=\u00bb1f09816e-184e-4ce5-a4cf-b39c52c423ca\u00bb text_font=\u00bbNunito||||||||\u00bb text_font_size=\u00bb1.2em\u00bb text_letter_spacing=\u00bb0.06em\u00bb text_line_height=\u00bb1.6em\u00bb header_2_font=\u00bbOswald||||||||\u00bb header_2_font_size=\u00bb1.5em\u00bb header_2_letter_spacing=\u00bb0.08em\u00bb background_layout=\u00bbdark\u00bb custom_margin=\u00bb||30px||false|false\u00bb custom_margin_tablet=\u00bb||30px||false|false\u00bb custom_margin_phone=\u00bb||20px||false|false\u00bb custom_margin_last_edited=\u00bbon|phone\u00bb custom_padding=\u00bb||||false|false\u00bb text_font_size_tablet=\u00bb1.2em\u00bb text_font_size_phone=\u00bb0.9em\u00bb text_font_size_last_edited=\u00bbon|phone\u00bb text_letter_spacing_tablet=\u00bb0.06em\u00bb text_letter_spacing_phone=\u00bb0.06em\u00bb text_letter_spacing_last_edited=\u00bbon|desktop\u00bb text_line_height_tablet=\u00bb1.6em\u00bb text_line_height_phone=\u00bb1.6em\u00bb text_line_height_last_edited=\u00bbon|desktop\u00bb header_font_size_tablet=\u00bb55px\u00bb header_font_size_last_edited=\u00bboff|desktop\u00bb header_2_font_size_tablet=\u00bb1.5em\u00bb header_2_font_size_phone=\u00bb1.4em\u00bb header_2_font_size_last_edited=\u00bbon|tablet\u00bb header_2_letter_spacing_tablet=\u00bb0.08em\u00bb header_2_letter_spacing_phone=\u00bb0.06em\u00bb header_2_letter_spacing_last_edited=\u00bbon|desktop\u00bb header_2_line_height_tablet=\u00bb\u00bb header_2_line_height_phone=\u00bb\u00bb header_2_line_height_last_edited=\u00bbon|desktop\u00bb global_colors_info=\u00bb{}\u00bb]<\/p>\n<h2>D\u00eda 1: 25 de noviembre 2024<\/h2>\n<p><b>10:00 &#8211; 14:00:<\/b> Registro e instalaci\u00f3n de proyectos.<br \/><b>12:00 &#8211; 13:00:<\/b> Almuerzo.<br \/><b>15:00 &#8211; 18:00:<\/b> Seminario Internacional en Investigaci\u00f3n Aeroespacial e Inteligencia Artificial.<br \/><b>18:00:<\/b> Apertura de la ESI AMLAT 2024.<br \/><b>18:30 &#8211; 19:30:<\/b> Cena.<\/p>\n<h2>D\u00eda 2: 26 de noviembre 2024<\/h2>\n<p><b>10:00 &#8211; 15:00:<\/b> Muestra abierta al p\u00fablico.<br \/><b>12:00 &#8211; 13:00:<\/b> Almuerzo.<br \/><b>15:00:<\/b> Congreso de j\u00f3venes ciudadanos YCC.<br \/><b>18:00 &#8211; 19:00:<\/b> Cena.<\/p>\n<h2>D\u00eda 3: 27 de noviembre 2024<\/h2>\n<p><b>VISITA 1<br \/><\/b>Centro Hist\u00f3rico de Lima.<br \/><strong>VISITA 2<br \/><\/strong>Universidad Nacional Agraria La Molina.<\/p>\n<h2>D\u00eda 4: 28 de noviembre 2024<\/h2>\n<p><b>10:00 &#8211; 15:00:<\/b> Muestra abierta al p\u00fablico.<br \/><b>10:00:<\/b> Asamblea Regional.<br \/><b>12:00 &#8211; 13:00:<\/b> Almuerzo.<br \/><b>15:00:<\/b> Conferencias de Expertos &#8211; NASA y Dr. Ram\u00f3n Ferreiro &#8211; Tema a discutir: Inteligencia Artificial en la Educaci\u00f3n.<br \/><b>16:30:<\/b> Tarde cultural y trueque.<br \/><b>18:00 &#8211; 19:00:<\/b> Desmontaje de Stands.<br \/><b>19:00 &#8211; 20:00:<\/b> Cena.<\/p>\n<h2>D\u00eda 5: 29 de noviembre 2024<\/h2>\n<p><b>12:00 &#8211; 13:00:<\/b> Almuerzo.<br \/><b>13:00:<\/b> Desmontaje de stand.<br \/><b>15:00:<\/b> Ceremonia de clausura.<br \/><b>18:00 &#8211; 19:00:<\/b> Cena.<\/p>\n<p>[\/et_pb_text][\/et_pb_column][\/et_pb_row][\/et_pb_section]<\/p>\n","protected":false},"excerpt":{"rendered":"<p>PROGRAMA OFICIALVer Programa CompletoD\u00eda 1: 25 de noviembre 2024 10:00 &#8211; 14:00: Registro e instalaci\u00f3n de proyectos.12:00 &#8211; 13:00: Almuerzo.15:00 &#8211; 18:00: Seminario Internacional en Investigaci\u00f3n Aeroespacial e Inteligencia Artificial.18:00: Apertura de la ESI AMLAT 2024.18:30 &#8211; 19:30: Cena. D\u00eda 2: 26 de noviembre 2024 10:00 &#8211; 15:00: Muestra abierta al p\u00fablico.12:00 &#8211; 13:00: Almuerzo.15:00: [&hellip;]<\/p>\n","protected":false},"author":1,"featured_media":0,"parent":30628,"menu_order":0,"comment_status":"closed","ping_status":"closed","template":"","meta":{"_et_pb_use_builder":"on","_et_pb_old_content":"","_et_gb_content_width":"","footnotes":""},"_links":{"self":[{"href":"https:\/\/esiamlat2024.milset.org\/index.php\/wp-json\/wp\/v2\/pages\/31386"}],"collection":[{"href":"https:\/\/esiamlat2024.milset.org\/index.php\/wp-json\/wp\/v2\/pages"}],"about":[{"href":"https:\/\/esiamlat2024.milset.org\/index.php\/wp-json\/wp\/v2\/types\/page"}],"author":[{"embeddable":true,"href":"https:\/\/esiamlat2024.milset.org\/index.php\/wp-json\/wp\/v2\/users\/1"}],"replies":[{"embeddable":true,"href":"https:\/\/esiamlat2024.milset.org\/index.php\/wp-json\/wp\/v2\/comments?post=31386"}],"version-history":[{"count":33,"href":"https:\/\/esiamlat2024.milset.org\/index.php\/wp-json\/wp\/v2\/pages\/31386\/revisions"}],"predecessor-version":[{"id":32102,"href":"https:\/\/esiamlat2024.milset.org\/index.php\/wp-json\/wp\/v2\/pages\/31386\/revisions\/32102"}],"up":[{"embeddable":true,"href":"https:\/\/esiamlat2024.milset.org\/index.php\/wp-json\/wp\/v2\/pages\/30628"}],"wp:attachment":[{"href":"https:\/\/esiamlat2024.milset.org\/index.php\/wp-json\/wp\/v2\/media?parent=31386"}],"curies":[{"name":"wp","href":"https:\/\/api.w.org\/{rel}","templated":true}]}}